{"id":1208,"date":"2021-07-01T12:16:09","date_gmt":"2021-07-01T12:16:09","guid":{"rendered":"https:\/\/www.geminiforni.com\/home\/"},"modified":"2021-09-20T09:24:05","modified_gmt":"2021-09-20T07:24:05","slug":"home","status":"publish","type":"page","link":"https:\/\/www.geminiforni.com\/de\/","title":{"rendered":"Home"},"content":{"rendered":"<section class=\"hero-home\">\n\t\t\t<div class=\"hero-content-wrapper\">\n\t\t\t<div class=\"hero-home-content\">\n\t\t\t<div class=\"container\">\n\t\t\t\t<div class=\"row\">\n\t\t\t\t\t<div class=\"col-12 col-md-6 col-xl-5\">\n\t\t\t\t\t\t<span class=\"made-in-italy\"><p>made in Italy<\/p><\/span>\n\t\t\t\t\t\t<h1>Allround-Qualit\u00e4t in der professionellen K\u00fcche.<span><\/span><\/h1>\n\t\t\t\t\t<\/div>\n\t\t\t\t<\/div>\n\t\t\t<\/div>\n\t\t<\/div>\n\t  <div class=\"hero-home-image\">\n\t    <img\n\t\t\t\talt=\"Gemini Forni\"\n\t\t\t\tsrc=\"https:\/\/www.geminiforni.com\/wp-content\/uploads\/2021\/07\/hero-image.png\"\n\t\t\t\tsrcset=\"https:\/\/www.geminiforni.com\/wp-content\/uploads\/2021\/07\/hero-image.png  480w,\n             https:\/\/www.geminiforni.com\/wp-content\/uploads\/2021\/07\/hero-image.png 1024w\"\n     \t \tsizes=\"(max-width: 800px) 480px,\n            1024px\"\n\t\t\t\twidth=\"1055\"\n\t\t\t\theight=\"805\">\n\t  <\/div>\n\t\t<\/div>\n\t<\/section>\n\n\n<section class=\"txt-img-section intro-section\">\n\t\t\t<div class=\"intro-side-image left\">\n\t\t<img src=\"https:\/\/www.geminiforni.com\/wp-content\/uploads\/2021\/07\/intro-side-image.png\" alt=\"Tutto il gusto della tecnologia italiana\">\n\t<\/div>\n\t<div class=\"container\">\n\t\t<div class=\"row\">\n\t\t\t<div class=\"col-12 col-lg-8 col-xl-7 offset-lg-4\">\n\t\t\t\t<article class=\"intro-side-article side-content animate-scroll\" data-animations=\"animated fadeInLeft delay10\">\n\t\t\t\t\t<h2>Der volle Geschmack der italienischen Technologie<\/h2><hr \/>\t\t\t\t\t<p>Gemini Forni\u00ae wurde 1987 in Mailand gegr\u00fcndet.<\/p>\n<p>Es entwirft und produziert 100\u00a0% Made in Italy professionelle Thermo-Konvektions\u00f6fen f\u00fcr Fastfood, Delikatessengesch\u00e4fte, Restaurantketten, Schnellimbisse und Konditoreien. Gemini Forni\u00ae war eines der ersten Unternehmen in Europa, das Konvektions\u00f6fen vorstellte und damit Geschichte im Bereich Ho.Re.Ca. schrieb. Die in \u00fcber 30 Jahren gesammelte Erfahrung hat es uns erm\u00f6glicht, eine Produktlinie zu entwerfen und zu produzieren, die nicht nur einwandfreies Kochen, sondern auch gro\u00dfe Zuverl\u00e4ssigkeit und Zweckm\u00e4\u00dfigkeit in der Anwendung garantieren kann.<\/p>\n<p>Genau wegen dieser Eigenschaften sind die Gemini Forni\u00ae \u00d6fen seit Jahren in K\u00fcchen auf der ganzen Welt pr\u00e4sent und werden von gro\u00dfen nationalen und internationalen Lebensmittel- und B\u00e4ckereibetrieben eingesetzt.<\/p>\n\t\t\t\t<\/article>\n\t\t\t<\/div>\n\t\t<\/div>\n\t<\/div>\n<\/section>\n\n\n<section class=\"pt-0\">\n  <div class=\"container\">\n    <div class=\"row\">\n      <div class=\"col-12 col-lg-10 mx-auto\">\n        <article class=\"content-article text-center animate-scroll\" data-animations=\"animated fadeIn delay10\">\n          <h2>Perfektion und Einfachheit in h\u00f6chstem Ma\u00dfe.<\/h2>          <h3>Ein einziges Ofen f\u00fcr Gastronomie, Konditorei und Brotbacken.<\/h3>          <hr>                    <p>Mit einem Sortiment, das auf die unterschiedlichsten Produktionsanforderungen abgestimmt ist, richtet sich die Backofenlinie GEMINI an alle Gastronomen, die einen Elektrobackofen suchen, der einwandfreies Kochen garantiert, leicht zu bedienen ist und \u00fcber eine einfache Steuerung verf\u00fcgt.<br \/>\nDie perfekte Kombination aus Leistung, Benutzerfreundlichkeit und Haltbarkeit.<\/p>\n        <\/article>\n      <\/div>\n    <\/div>\n  <\/div>\n<\/section>\n\n\n<section class=\"products\">\n  <div class=\"container-fluid product-teaser-wrapper\">\n    <div class=\"row\">\n      <div class=\"col-12 col-lg-6 col-xxl-3 product type-product post-1005 status-publish first instock product_cat-professionelle-thermo-konvektionsofen has-post-thumbnail taxable shipping-taxable purchasable product-type-simple\">\n\t<article class=\"product-teaser\">\n\t<a href=\"https:\/\/www.geminiforni.com\/de\/produkt\/gemini-2n\/\" class=\"woocommerce-LoopProduct-link woocommerce-loop-product__link\"><div class=\"image\"><img width=\"480\" height=\"359\" src=\"https:\/\/www.geminiforni.com\/wp-content\/uploads\/2021\/07\/product-gemini-2n.png\" class=\"attachment-product-small size-product-small\" alt=\"Gemini N2 - Gemini forni\" \/><\/div><div class=\"content\"><ul class=\"capacity\"><li>3 bleche<\/li><li> 27 brioches<\/li><\/ul><h4 class=\"woocommerce-loop-product_title\">Gemini <strong>2N <\/strong> <\/h4><\/div><span class=\"btn\">Siehe Detail<\/span><\/a>\t\n\t<a href=\"https:\/\/www.geminiforni.com\/de\/produkt\/gemini-2n\/#bleche\" class=\"product-accessories anchorlink\">Entdecken Sie die kompatiblen bleche<\/a>\n\t\t<\/article>\n<\/div>\n<div class=\"col-12 col-lg-6 col-xxl-3 product type-product post-1002 status-publish instock product_cat-professionelle-thermo-konvektionsofen has-post-thumbnail taxable shipping-taxable purchasable product-type-simple\">\n\t<article class=\"product-teaser\">\n\t<a href=\"https:\/\/www.geminiforni.com\/de\/produkt\/gemini-4n\/\" class=\"woocommerce-LoopProduct-link woocommerce-loop-product__link\"><div class=\"image\"><img width=\"480\" height=\"359\" src=\"https:\/\/www.geminiforni.com\/wp-content\/uploads\/2021\/07\/product-gemini-4n.png\" class=\"attachment-product-small size-product-small\" alt=\"Gemini 4N\" \/><\/div><div class=\"content\"><ul class=\"capacity\"><li>4 bleche<\/li><li> 36 brioches<\/li><\/ul><h4 class=\"woocommerce-loop-product_title\">Gemini <strong>4N <\/strong> <\/h4><\/div><span class=\"btn\">Siehe Detail<\/span><\/a>\t\n\t<a href=\"https:\/\/www.geminiforni.com\/de\/produkt\/gemini-4n\/#bleche\" class=\"product-accessories anchorlink\">Entdecken Sie die kompatiblen bleche<\/a>\n\t\t<\/article>\n<\/div>\n<div class=\"col-12 col-lg-6 col-xxl-3 product type-product post-962 status-publish instock product_cat-professionelle-thermo-konvektionsofen has-post-thumbnail taxable shipping-taxable purchasable product-type-simple\">\n\t<article class=\"product-teaser\">\n\t<a href=\"https:\/\/www.geminiforni.com\/de\/produkt\/gemini-5\/\" class=\"woocommerce-LoopProduct-link woocommerce-loop-product__link\"><div class=\"image\"><img width=\"480\" height=\"359\" src=\"https:\/\/www.geminiforni.com\/wp-content\/uploads\/2021\/07\/gemini-5-forno-professionale-alta-capienza.png\" class=\"attachment-product-small size-product-small\" alt=\"Gemini 5 - Gemini forni\" \/><\/div><div class=\"content\"><ul class=\"capacity\"><li>5 bleche<\/li><li> 45 brioches<\/li><\/ul><h4 class=\"woocommerce-loop-product_title\">Gemini <strong>5 <\/strong> <\/h4><\/div><span class=\"btn\">Siehe Detail<\/span><\/a>\t\n\t<a href=\"https:\/\/www.geminiforni.com\/de\/produkt\/gemini-5\/#bleche\" class=\"product-accessories anchorlink\">Entdecken Sie die kompatiblen bleche<\/a>\n\t\t<\/article>\n<\/div>\n<div class=\"col-12 col-lg-6 col-xxl-3 product type-product post-958 status-publish last instock product_cat-professionelle-thermo-konvektionsofen has-post-thumbnail taxable shipping-taxable purchasable product-type-simple\">\n\t<article class=\"product-teaser\">\n\t<a href=\"https:\/\/www.geminiforni.com\/de\/produkt\/gemini-4-baguette\/\" class=\"woocommerce-LoopProduct-link woocommerce-loop-product__link\"><div class=\"image\"><img width=\"480\" height=\"359\" src=\"https:\/\/www.geminiforni.com\/wp-content\/uploads\/2021\/07\/product-gemini-4-baguette.png\" class=\"attachment-product-small size-product-small\" alt=\"Gemini 4 baguette\" \/><\/div><div class=\"content\"><ul class=\"capacity\"><li>4 bleche<\/li><li> 72 brioches<\/li><\/ul><h4 class=\"woocommerce-loop-product_title\">Gemini <strong>4 <\/strong> baguette <\/h4><\/div><span class=\"btn\">Siehe Detail<\/span><\/a>\t\n\t<a href=\"https:\/\/www.geminiforni.com\/de\/produkt\/gemini-4-baguette\/#bleche\" class=\"product-accessories anchorlink\">Entdecken Sie die kompatiblen bleche<\/a>\n\t\t<\/article>\n<\/div>\n    <\/div>\n  <\/div>\n<\/section>\n\n\n<section class=\"logos-section mt-small\">\n  <div class=\"container\">\n    <div class=\"row\">\n      <div class=\"col-12\">\n        <ul class=\"logos-list certifications animate-scroll\" data-animations=\"animated fadeIn delay10\">\n\t\t\t\t\t\t\t\t\t\t\t\t\t\t          <li><img src=\"https:\/\/www.geminiforni.com\/wp-content\/uploads\/2021\/07\/certificate-moca.svg\" alt=\"Certificate UK CA\"><p>MOCA<br>zertifiziert<\/p><\/li>\n\t\t\t\t\t\t\t\t\t\t          <li><img src=\"https:\/\/www.geminiforni.com\/wp-content\/uploads\/2021\/07\/certificate-ce.svg\" alt=\"Certificate UK CA\"><p>Gemini-\u00d6fen entsprechen<br>den geltenden Vorschriften.<\/p><\/li>\n\t\t\t\t\t\t\t\t\t        <\/ul>\n      <\/div>\n    <\/div>\n  <\/div>\n<\/section>\n\n\n<section class=\"image-specs\">\n\t<div class=\"container\">\n\t\t<div class=\"row\">\n\t\t\t<div class=\"col-12 col-lg-6 order-lg-2 right\">\n\t\t\t\t<picture class=\"side-image right overlay\">\n\t\t\t\t\t<h2>Alle Zutaten f\u00fcr Ihren Erfolg.<\/h2>\t\t\t\t\t\t\t\t\t\t<div class=\"featured\">\n\t\t\t\t\t\t<p>Doppelte<br>bel\u00fcftung<\/p>\n\t\t\t\t\t\t<img src=\"https:\/\/www.geminiforni.com\/wp-content\/uploads\/2021\/07\/feature-doppia-ventilazione.png\" alt=\"Doppia ventilazione\">\n\t\t\t\t\t<\/div>\n\t\t\t\t\t\t\t\t\t\t<img src=\"https:\/\/www.geminiforni.com\/wp-content\/uploads\/2021\/09\/gemini-forni-panettiere.jpg\" alt=\"Pane e panettiere, Gemini Forni\">\n\t\t\t\t<\/picture>\n\t\t\t<\/div>\n\t\t\t<div class=\"col-12 col-lg-6 order-lg-1 right\">\n\t\t\t\t<article class=\"side-article\">\n\t\t\t\t<h5>Professionell, effektiv, praktisch, unverzichtbar<\/h5><hr>\t\t\t\t<p><em>Kompakte, leistungsstarke \u00d6fen, praktisch und ohne alles \u00dcberfl\u00fcssige. Gebaut aus hochwertigen Materialien f\u00fcr eine lange Lebensdauer und entwickelt, um ein optimales, gleichm\u00e4\u00dfiges Kochen zu gew\u00e4hrleisten, jedes Mal.<\/em><\/p>\n\t\t\t\t\t\t\t\t<ul class=\"features animate-scroll\" data-animations=\"animated fadeInLeft delay10\">\n\t\t\t\t\t\t\t\t\t\t<li>\n\t\t\t\t\t\t\t\t\t\t\t\t<span class=\"icon\"><img src=\"https:\/\/www.geminiforni.com\/wp-content\/uploads\/2021\/07\/feature-cottura.svg\" alt=\"Uniformit\u00e0 di cottura\" width=\"70\" height=\"70\"><\/span>\t\t\t\t\t\t<h6>Gleichm\u00e4\u00dfiges Kochen<\/h6>\t\t\t\t\t\t<p>Hohe Kochqualit\u00e4t in jedem Beladungszustand durch die doppelte Bel\u00fcftung, die geformten Umlenkbleche und einen vergr\u00f6\u00dferten Abstand zwischen den Blechen.<\/p>\n\t\t\t\t\t<\/li>\n\t\t\t\t\t\t\t\t\t\t<li>\n\t\t\t\t\t\t\t\t\t\t\t\t<span class=\"icon\"><img src=\"https:\/\/www.geminiforni.com\/wp-content\/uploads\/2021\/07\/feature-affidabilita.svg\" alt=\"Affidabilit\u00e0 massima\" width=\"70\" height=\"70\"><\/span>\t\t\t\t\t\t<h6>Maximale Zuverl\u00e4ssigkeit<\/h6>\t\t\t\t\t\t<p>Gebaut mit hochwertigen Materialien f\u00fcr eine lange Lebensdauer.<\/p>\n\t\t\t\t\t<\/li>\n\t\t\t\t\t\t\t\t\t\t<li>\n\t\t\t\t\t\t\t\t\t\t\t\t<span class=\"icon\"><img src=\"https:\/\/www.geminiforni.com\/wp-content\/uploads\/2021\/07\/feature-dimensione.svg\" alt=\"Dimensione ottimizzata\" width=\"70\" height=\"70\"><\/span>\t\t\t\t\t\t<h6>Optimierte Gr\u00f6\u00dfe<\/h6>\t\t\t\t\t\t<p>Alles, was Sie brauchen, auf weniger als 60 cm Platz.<\/p>\n\t\t\t\t\t<\/li>\n\t\t\t\t\t\t\t\t\t\t<li>\n\t\t\t\t\t\t\t\t\t\t\t\t<span class=\"icon\"><img src=\"https:\/\/www.geminiforni.com\/wp-content\/uploads\/2021\/07\/feature-rcprodotto.svg\" alt=\"RC Prodotto\" width=\"70\" height=\"70\"><\/span>\t\t\t\t\t\t<h6>Produkthaftpflicht<\/h6>\t\t\t\t\t\t<p>Alle Gemini \u00d6fen sind durch eine Produkthaftpflichtversicherung abgedeckt.<\/p>\n\t\t\t\t\t<\/li>\n\t\t\t\t\t\t\t\t\t\t<li>\n\t\t\t\t\t\t\t\t\t\t\t\t<span class=\"icon\"><img src=\"https:\/\/www.geminiforni.com\/wp-content\/uploads\/2021\/07\/feature-canna-fumaria.svg\" alt=\"Non necessita di canna fumaria\" width=\"70\" height=\"70\"><\/span>\t\t\t\t\t\t<h6>Ben\u00f6tigt keinen Schornstein<\/h6>\t\t\t\t\t\t\t\t\t\t\t<\/li>\n\t\t\t\t\t\t\t\t\t\t<li>\n\t\t\t\t\t\t\t\t\t\t\t\t<span class=\"icon\"><img src=\"https:\/\/www.geminiforni.com\/wp-content\/uploads\/2021\/07\/feature-semplicita.svg\" alt=\"Pratica semplicit\u00e0\" width=\"70\" height=\"70\"><\/span>\t\t\t\t\t\t<h6>Praktische Einfachheit<\/h6>\t\t\t\t\t\t<p>Einfache und intuitive Bedienelemente zur schnellen Einstellung der richtigen Kochparameter zwischen den Blechen.<\/p>\n\t\t\t\t\t<\/li>\n\t\t\t\t\t\t\t\t\t\t<li>\n\t\t\t\t\t\t\t\t\t\t\t\t<span class=\"icon\"><img src=\"https:\/\/www.geminiforni.com\/wp-content\/uploads\/2021\/07\/feature-manutenzione.svg\" alt=\"Manutenzione facilitata\" width=\"70\" height=\"70\"><\/span>\t\t\t\t\t\t<h6>Einfache Wartung<\/h6>\t\t\t\t\t\t<p>Konstruiert mit <strong>seitlichem Bedienfeld<\/strong> zur Erleichterung und Beschleunigung von Wartungseingriffen.<\/p>\n\t\t\t\t\t<\/li>\n\t\t\t\t\t\t\t\t\t\t<li>\n\t\t\t\t\t\t\t\t\t\t\t\t<span class=\"icon\"><img src=\"https:\/\/www.geminiforni.com\/wp-content\/uploads\/2021\/07\/feature-sicurezza.svg\" alt=\"Sicurezza dei materiali\" width=\"70\" height=\"70\"><\/span>\t\t\t\t\t\t<h6>Materialsicherheit<\/h6>\t\t\t\t\t\t<p>Aluminium- und teflonbeschichtete Bleche mit MOCA-Zertifizierung f\u00fcr Lebensmittel.<\/p>\n\t\t\t\t\t<\/li>\n\t\t\t\t\t\t\t\t\t\t<li>\n\t\t\t\t\t\t\t\t\t\t\t\t<span class=\"icon\"><img src=\"https:\/\/www.geminiforni.com\/wp-content\/uploads\/2021\/07\/feature-personalizzazioni.svg\" alt=\"Personalizzazione\" width=\"70\" height=\"70\"><\/span>\t\t\t\t\t\t<h6>Anpassungen<\/h6>\t\t\t\t\t\t<p>M\u00f6glichkeit der Anpassung f\u00fcr Gro\u00dfkunden.<\/p>\n\t\t\t\t\t<\/li>\n\t\t\t\t\t\t\t\t\t\t<li>\n\t\t\t\t\t\t\t\t\t\t\t\t<span class=\"icon\"><img src=\"https:\/\/www.geminiforni.com\/wp-content\/uploads\/2021\/07\/feature-pulizia.svg\" alt=\"\" width=\"70\" height=\"70\"><\/span>\t\t\t\t\t\t<h6>Einfache reinigung<\/h6>\t\t\t\t\t\t<p>Der emaillierte Stahlgarraum macht die Reinigung viel einfacher und schneller.<\/p>\n\t\t\t\t\t<\/li>\n\t\t\t\t\t\t\t\t\t<\/article>\n\t\t\t\t\t\t\t<\/div>\n\t\t<\/div>\n\t<\/div>\n<\/section>\n","protected":false},"excerpt":{"rendered":"","protected":false},"author":4,"featured_media":514,"parent":0,"menu_order":0,"comment_status":"closed","ping_status":"closed","template":"","meta":[],"yoast_head":"<!-- This site is optimized with the Yoast SEO plugin v17.1 - https:\/\/yoast.com\/wordpress\/plugins\/seo\/ -->\n<title>Gemini Forni - Allround-Qualit\u00e4t in der professionellen K\u00fcche.<\/title>\n<meta name=\"description\" content=\"Perfektion und Einfachheit in h\u00f6chstem Ma\u00dfe. Ein einziges Ofen f\u00fcr Gastronomie, Konditorei und Brotbacken. Made in Italy.\" \/>\n<meta name=\"robots\" content=\"index, follow, max-snippet:-1, max-image-preview:large, max-video-preview:-1\" \/>\n<link rel=\"canonical\" href=\"https:\/\/www.geminiforni.com\/de\/\" \/>\n<meta property=\"og:locale\" content=\"de_DE\" \/>\n<meta property=\"og:type\" content=\"article\" \/>\n<meta property=\"og:title\" content=\"Gemini Forni - Allround-Qualit\u00e4t in der professionellen K\u00fcche.\" \/>\n<meta property=\"og:description\" content=\"Perfektion und Einfachheit in h\u00f6chstem Ma\u00dfe. Ein einziges Ofen f\u00fcr Gastronomie, Konditorei und Brotbacken. Made in Italy.\" \/>\n<meta property=\"og:url\" content=\"https:\/\/www.geminiforni.com\/de\/\" \/>\n<meta property=\"og:site_name\" content=\"Gemini Forni\" \/>\n<meta property=\"article:modified_time\" content=\"2021-09-20T07:24:05+00:00\" \/>\n<meta property=\"og:image\" content=\"https:\/\/www.geminiforni.it\/wp-content\/uploads\/2021\/07\/product-gemini-4n.png\" \/>\n\t<meta property=\"og:image:width\" content=\"1000\" \/>\n\t<meta property=\"og:image:height\" content=\"748\" \/>\n<meta name=\"twitter:card\" content=\"summary_large_image\" \/>\n<meta name=\"twitter:title\" content=\"Gemini Forni - Allround-Qualit\u00e4t in der professionellen K\u00fcche.\" \/>\n<meta name=\"twitter:description\" content=\"Perfektion und Einfachheit in h\u00f6chstem Ma\u00dfe. Ein einziges Ofen f\u00fcr Gastronomie, Konditorei und Brotbacken. Made in Italy.\" \/>\n<meta name=\"twitter:image\" content=\"https:\/\/www.geminiforni.com\/wp-content\/uploads\/2021\/07\/product-gemini-4n.png\" \/>\n<script type=\"application\/ld+json\" class=\"yoast-schema-graph\">{\"@context\":\"https:\/\/schema.org\",\"@graph\":[{\"@type\":\"Organization\",\"@id\":\"https:\/\/www.geminiforni.com\/#organization\",\"name\":\"Gemini Forni\",\"url\":\"https:\/\/www.geminiforni.com\/\",\"sameAs\":[],\"logo\":{\"@type\":\"ImageObject\",\"@id\":\"https:\/\/www.geminiforni.com\/#logo\",\"inLanguage\":\"de\",\"url\":\"https:\/\/www.geminiforni.com\/wp-content\/uploads\/2021\/07\/gemini-logo-mail.png\",\"contentUrl\":\"https:\/\/www.geminiforni.com\/wp-content\/uploads\/2021\/07\/gemini-logo-mail.png\",\"width\":407,\"height\":119,\"caption\":\"Gemini Forni\"},\"image\":{\"@id\":\"https:\/\/www.geminiforni.com\/#logo\"}},{\"@type\":\"WebSite\",\"@id\":\"https:\/\/www.geminiforni.com\/#website\",\"url\":\"https:\/\/www.geminiforni.com\/\",\"name\":\"Gemini Forni\",\"description\":\"Qualit\\u00e0 a 360 gradi nella cottura professionale.\",\"publisher\":{\"@id\":\"https:\/\/www.geminiforni.com\/#organization\"},\"potentialAction\":[{\"@type\":\"SearchAction\",\"target\":{\"@type\":\"EntryPoint\",\"urlTemplate\":\"https:\/\/www.geminiforni.com\/?s={search_term_string}\"},\"query-input\":\"required name=search_term_string\"}],\"inLanguage\":\"de\"},{\"@type\":\"ImageObject\",\"@id\":\"https:\/\/www.geminiforni.com\/de\/#primaryimage\",\"inLanguage\":\"de\",\"url\":\"https:\/\/www.geminiforni.com\/wp-content\/uploads\/2021\/07\/product-gemini-4n.png\",\"contentUrl\":\"https:\/\/www.geminiforni.com\/wp-content\/uploads\/2021\/07\/product-gemini-4n.png\",\"width\":1000,\"height\":748,\"caption\":\"Gemini 4N\"},{\"@type\":\"WebPage\",\"@id\":\"https:\/\/www.geminiforni.com\/de\/#webpage\",\"url\":\"https:\/\/www.geminiforni.com\/de\/\",\"name\":\"Gemini Forni - Allround-Qualit\\u00e4t in der professionellen K\\u00fcche.\",\"isPartOf\":{\"@id\":\"https:\/\/www.geminiforni.com\/#website\"},\"primaryImageOfPage\":{\"@id\":\"https:\/\/www.geminiforni.com\/de\/#primaryimage\"},\"datePublished\":\"2021-07-01T12:16:09+00:00\",\"dateModified\":\"2021-09-20T07:24:05+00:00\",\"description\":\"Perfektion und Einfachheit in h\\u00f6chstem Ma\\u00dfe. Ein einziges Ofen f\\u00fcr Gastronomie, Konditorei und Brotbacken. Made in Italy.\",\"breadcrumb\":{\"@id\":\"https:\/\/www.geminiforni.com\/de\/#breadcrumb\"},\"inLanguage\":\"de\",\"potentialAction\":[{\"@type\":\"ReadAction\",\"target\":[\"https:\/\/www.geminiforni.com\/de\/\"]}]},{\"@type\":\"BreadcrumbList\",\"@id\":\"https:\/\/www.geminiforni.com\/de\/#breadcrumb\",\"itemListElement\":[{\"@type\":\"ListItem\",\"position\":1,\"name\":\"Home\",\"item\":\"https:\/\/www.geminiforni.com\/de\/\"},{\"@type\":\"ListItem\",\"position\":2,\"name\":\"Home\"}]}]}<\/script>\n<!-- \/ Yoast SEO plugin. -->","yoast_head_json":{"title":"Gemini Forni - Allround-Qualit\u00e4t in der professionellen K\u00fcche.","description":"Perfektion und Einfachheit in h\u00f6chstem Ma\u00dfe. Ein einziges Ofen f\u00fcr Gastronomie, Konditorei und Brotbacken. Made in Italy.","robots":{"index":"index","follow":"follow","max-snippet":"max-snippet:-1","max-image-preview":"max-image-preview:large","max-video-preview":"max-video-preview:-1"},"canonical":"https:\/\/www.geminiforni.com\/de\/","og_locale":"de_DE","og_type":"article","og_title":"Gemini Forni - Allround-Qualit\u00e4t in der professionellen K\u00fcche.","og_description":"Perfektion und Einfachheit in h\u00f6chstem Ma\u00dfe. Ein einziges Ofen f\u00fcr Gastronomie, Konditorei und Brotbacken. Made in Italy.","og_url":"https:\/\/www.geminiforni.com\/de\/","og_site_name":"Gemini Forni","article_modified_time":"2021-09-20T07:24:05+00:00","og_image":[{"width":1000,"height":748,"url":"https:\/\/www.geminiforni.it\/wp-content\/uploads\/2021\/07\/product-gemini-4n.png","path":"\/var\/www\/vhosts\/geminiforni.it\/httpdocs\/wp-content\/uploads\/2021\/07\/product-gemini-4n.png","size":"full","id":"514","alt":"Gemini 4N","pixels":748000,"type":"image\/png"}],"twitter_card":"summary_large_image","twitter_title":"Gemini Forni - Allround-Qualit\u00e4t in der professionellen K\u00fcche.","twitter_description":"Perfektion und Einfachheit in h\u00f6chstem Ma\u00dfe. Ein einziges Ofen f\u00fcr Gastronomie, Konditorei und Brotbacken. Made in Italy.","twitter_image":"https:\/\/www.geminiforni.com\/wp-content\/uploads\/2021\/07\/product-gemini-4n.png","schema":{"@context":"https:\/\/schema.org","@graph":[{"@type":"Organization","@id":"https:\/\/www.geminiforni.com\/#organization","name":"Gemini Forni","url":"https:\/\/www.geminiforni.com\/","sameAs":[],"logo":{"@type":"ImageObject","@id":"https:\/\/www.geminiforni.com\/#logo","inLanguage":"de","url":"https:\/\/www.geminiforni.com\/wp-content\/uploads\/2021\/07\/gemini-logo-mail.png","contentUrl":"https:\/\/www.geminiforni.com\/wp-content\/uploads\/2021\/07\/gemini-logo-mail.png","width":407,"height":119,"caption":"Gemini Forni"},"image":{"@id":"https:\/\/www.geminiforni.com\/#logo"}},{"@type":"WebSite","@id":"https:\/\/www.geminiforni.com\/#website","url":"https:\/\/www.geminiforni.com\/","name":"Gemini Forni","description":"Qualit\u00e0 a 360 gradi nella cottura professionale.","publisher":{"@id":"https:\/\/www.geminiforni.com\/#organization"},"potentialAction":[{"@type":"SearchAction","target":{"@type":"EntryPoint","urlTemplate":"https:\/\/www.geminiforni.com\/?s={search_term_string}"},"query-input":"required name=search_term_string"}],"inLanguage":"de"},{"@type":"ImageObject","@id":"https:\/\/www.geminiforni.com\/de\/#primaryimage","inLanguage":"de","url":"https:\/\/www.geminiforni.com\/wp-content\/uploads\/2021\/07\/product-gemini-4n.png","contentUrl":"https:\/\/www.geminiforni.com\/wp-content\/uploads\/2021\/07\/product-gemini-4n.png","width":1000,"height":748,"caption":"Gemini 4N"},{"@type":"WebPage","@id":"https:\/\/www.geminiforni.com\/de\/#webpage","url":"https:\/\/www.geminiforni.com\/de\/","name":"Gemini Forni - Allround-Qualit\u00e4t in der professionellen K\u00fcche.","isPartOf":{"@id":"https:\/\/www.geminiforni.com\/#website"},"primaryImageOfPage":{"@id":"https:\/\/www.geminiforni.com\/de\/#primaryimage"},"datePublished":"2021-07-01T12:16:09+00:00","dateModified":"2021-09-20T07:24:05+00:00","description":"Perfektion und Einfachheit in h\u00f6chstem Ma\u00dfe. Ein einziges Ofen f\u00fcr Gastronomie, Konditorei und Brotbacken. Made in Italy.","breadcrumb":{"@id":"https:\/\/www.geminiforni.com\/de\/#breadcrumb"},"inLanguage":"de","potentialAction":[{"@type":"ReadAction","target":["https:\/\/www.geminiforni.com\/de\/"]}]},{"@type":"BreadcrumbList","@id":"https:\/\/www.geminiforni.com\/de\/#breadcrumb","itemListElement":[{"@type":"ListItem","position":1,"name":"Home","item":"https:\/\/www.geminiforni.com\/de\/"},{"@type":"ListItem","position":2,"name":"Home"}]}]}},"_links":{"self":[{"href":"https:\/\/www.geminiforni.com\/de\/wp-json\/wp\/v2\/pages\/1208"}],"collection":[{"href":"https:\/\/www.geminiforni.com\/de\/wp-json\/wp\/v2\/pages"}],"about":[{"href":"https:\/\/www.geminiforni.com\/de\/wp-json\/wp\/v2\/types\/page"}],"author":[{"embeddable":true,"href":"https:\/\/www.geminiforni.com\/de\/wp-json\/wp\/v2\/users\/4"}],"replies":[{"embeddable":true,"href":"https:\/\/www.geminiforni.com\/de\/wp-json\/wp\/v2\/comments?post=1208"}],"version-history":[{"count":2,"href":"https:\/\/www.geminiforni.com\/de\/wp-json\/wp\/v2\/pages\/1208\/revisions"}],"predecessor-version":[{"id":1219,"href":"https:\/\/www.geminiforni.com\/de\/wp-json\/wp\/v2\/pages\/1208\/revisions\/1219"}],"wp:featuredmedia":[{"embeddable":true,"href":"https:\/\/www.geminiforni.com\/de\/wp-json\/wp\/v2\/media\/514"}],"wp:attachment":[{"href":"https:\/\/www.geminiforni.com\/de\/wp-json\/wp\/v2\/media?parent=1208"}],"curies":[{"name":"wp","href":"https:\/\/api.w.org\/{rel}","templated":true}]}}