{"id":1179,"date":"2021-07-21T07:34:03","date_gmt":"2021-07-21T07:34:03","guid":{"rendered":"https:\/\/www.geminiforni.com\/privacy\/"},"modified":"2021-07-21T07:34:03","modified_gmt":"2021-07-21T07:34:03","slug":"privacy","status":"publish","type":"page","link":"https:\/\/www.geminiforni.com\/es\/privacy\/","title":{"rendered":"Privacy"},"content":{"rendered":"<section class=\"pt-0\">\n  <div class=\"container\">\n    <div class=\"row\">\n      <div class=\"col-12 col-lg-10 mx-auto\">\n        <article class=\"content-article text-left animate-scroll\" data-animations=\"animated fadeIn delay10\">\n          <h2>INFORMATIVA TRATTAMENTO DATI DEI VISITATORI DEL SITO INTERNET<\/h2>                    <hr>          <p>Informativa ex art. 13 ai sensi del Regolamento (UE) 2016\/679 del Parlamento europeo e del Consiglio, del 27 aprile 2016, relativo alla protezione delle persone fisiche con riguardo al trattamento dei dati personali (per brevit\u00e0 GDPR 2016\/679)<\/p>\n<p>1. Titolare e Responsabili del trattamento \u2013 art. 13 co. 1 lett. [a] [b] GDPR 2016\/679<br \/>\nTitolare del trattamento \u00e8 Star Progetti Tecnologie Applicate S.p.A., sede legale e amministrativa in Via Pasubio 4, Tribiano (MI), al quale ci si potr\u00e0 rivolgere per esercitare i diritti riconosciuti dal GDPR e per conoscere l\u2019elenco aggiornato di tutti i Responsabili del trattamento dei dati.<\/p>\n<p>2. Finalit\u00e0 e base legale del trattamento \u2013 art. 13 co. 1 lett. [c] [d] GDPR 2016\/679<br \/>\nI dati personali raccolti attraverso il servizio \u201cArea riservata\u201d presente sui siti web della Societ\u00e0 da Voi forniti potranno essere trattati unicamente per le seguenti finalit\u00e0:<br \/>\ngestione delle richieste di contatto degli utenti\/visitatori, per elaborazioni statistiche, per l\u2019eventuale invio di materiale informativo.<br \/>\nNon sono previsti ulteriori trattamenti basati sui legittimi interessi perseguiti dal titolare del trattamento.<\/p>\n<p>3. Tipi di dati trattati<br \/>\nDati comuni: nominativo, indirizzo e-mail o altri elementi di identificazione personale, dati relativi all\u2019azienda interessata.<\/p>\n<p>4. Comunicazione e diffusione dei dati \u2013 art. 13 co. 1 lett. [e] [f] GDPR 2016\/679<br \/>\nI dati non saranno ulteriormente comunicati e diffusi se non per la gestione della richiesta di contatto.<br \/>\nIl trattamento di tali informazioni \u00e8 del tutto strumentale a tale finalit\u00e0. L\u2019eventuale Suo rifiuto di conferire i dati di cui al precedente paragrafo non ci consentir\u00e0 di poter dare corso alla richiesta di contatto. I dati non verranno trasferiti ad un paese terzo o a un\u2019organizzazione internazionale.<\/p>\n<p>5. Modalit\u00e0 del trattamento \u2013 art. 13 co. 2 lett. [a] GDPR 2016\/679<br \/>\nIl trattamento dei dati personali consiste nella raccolta, registrazione, organizzazione, conservazione, comunicazione dei medesimi dati.<br \/>\nIl trattamento dei dati personali \u00e8 effettuato per le finalit\u00e0 di cui sopra, in conformit\u00e0 a quanto stabilito dall\u2019articolo 5 del Regolamento europeo sul trattamento dei dati personali, su supporto cartaceo, supporto informatico nel rispetto delle regole di liceit\u00e0, legittimit\u00e0, riservatezza e sicurezza previste dalla normativa vigente.<br \/>\nI dati saranno conservati per un periodo di tempo non superiore a quello necessario agli scopi per i quali essi sono stati raccolti o successivamente trattati conformemente a quanto previsto dagli obblighi di legge.<\/p>\n<p>6. Diritti dell\u2019interessato \u2013 art. 13 co. 2 lett. [b] [c] [d] GDPR 2016\/679<\/p>\n<p>Deve essere consentito all\u2019interessato l\u2019esercizio di una serie diritti riconosciuti dal GDPR:<br \/>\n1) diritto d\u2019accesso ai dati personali;<br \/>\n2) diritto di rettifica;<br \/>\n3) diritto alla cancellazione;<br \/>\n4) diritto alla limitazione del trattamento dei dati;<br \/>\n5) diritto di opporsi al trattamento;<br \/>\n6) diritto di rivolgersi all\u2019Autorit\u00e0 Garante per la protezione dei dati personali.<br \/>\nIl Cliente pu\u00f2 esercitare i summenzionati diritti ed ha inoltre il diritto di revocare il consenso, laddove il trattamento si basi su di esso e fatta salva la liceit\u00e0 sul consenso prestato prima della revoca.<\/p>\n<p>Per ogni informazione, la invitiamo a consultare il sito Internet dell\u2019Autorit\u00e0 Garante per la protezione dei dati personali \u2013 www.garanteprivacy.it \u2013 dove trover\u00e0 una sezione dedicata a tali diritti.<\/p>\n<p>7. Natura del conferimento dei dati personali e conseguenze di un eventuale rifiuto di rispondere \u2013 art. 13 co. 2 lett. [e] [f] GDPR 2016\/679<\/p>\n<p>Il conferimento dei dati personali \u00e8 facoltativo ma l\u2019eventuale rifiuto di conferirli comporta l\u2019impossibilit\u00e0 di instaurare il rapporto di collaborazione. Riguardo i suoi dati, non esiste un processo decisionale automatizzato, n\u00e9 tanto meno un trattamento che comporti la sua profilazione.<\/p>\n<p>Star Progetti Tecnologie Applicate S.p.A.<\/p>\n        <\/article>\n      <\/div>\n    <\/div>\n  <\/div>\n<\/section>\n","protected":false},"excerpt":{"rendered":"","protected":false},"author":4,"featured_media":0,"parent":0,"menu_order":0,"comment_status":"closed","ping_status":"closed","template":"","meta":[],"yoast_head":"<!-- This site is optimized with the Yoast SEO plugin v17.1 - https:\/\/yoast.com\/wordpress\/plugins\/seo\/ -->\n<title>Privacy - Gemini Forni<\/title>\n<meta name=\"robots\" content=\"index, follow, max-snippet:-1, max-image-preview:large, max-video-preview:-1\" \/>\n<link rel=\"canonical\" href=\"https:\/\/www.geminiforni.com\/es\/privacy\/\" \/>\n<meta property=\"og:locale\" content=\"es_ES\" \/>\n<meta property=\"og:type\" content=\"article\" \/>\n<meta property=\"og:title\" content=\"Privacy - Gemini Forni\" \/>\n<meta property=\"og:url\" content=\"https:\/\/www.geminiforni.com\/es\/privacy\/\" \/>\n<meta property=\"og:site_name\" content=\"Gemini Forni\" \/>\n<meta name=\"twitter:card\" content=\"summary_large_image\" \/>\n<script type=\"application\/ld+json\" class=\"yoast-schema-graph\">{\"@context\":\"https:\/\/schema.org\",\"@graph\":[{\"@type\":\"Organization\",\"@id\":\"https:\/\/www.geminiforni.com\/#organization\",\"name\":\"Gemini Forni\",\"url\":\"https:\/\/www.geminiforni.com\/\",\"sameAs\":[],\"logo\":{\"@type\":\"ImageObject\",\"@id\":\"https:\/\/www.geminiforni.com\/#logo\",\"inLanguage\":\"es\",\"url\":\"https:\/\/www.geminiforni.com\/wp-content\/uploads\/2021\/07\/gemini-logo-mail.png\",\"contentUrl\":\"https:\/\/www.geminiforni.com\/wp-content\/uploads\/2021\/07\/gemini-logo-mail.png\",\"width\":407,\"height\":119,\"caption\":\"Gemini Forni\"},\"image\":{\"@id\":\"https:\/\/www.geminiforni.com\/#logo\"}},{\"@type\":\"WebSite\",\"@id\":\"https:\/\/www.geminiforni.com\/#website\",\"url\":\"https:\/\/www.geminiforni.com\/\",\"name\":\"Gemini Forni\",\"description\":\"Qualit\\u00e0 a 360 gradi nella cottura professionale.\",\"publisher\":{\"@id\":\"https:\/\/www.geminiforni.com\/#organization\"},\"potentialAction\":[{\"@type\":\"SearchAction\",\"target\":{\"@type\":\"EntryPoint\",\"urlTemplate\":\"https:\/\/www.geminiforni.com\/?s={search_term_string}\"},\"query-input\":\"required name=search_term_string\"}],\"inLanguage\":\"es\"},{\"@type\":\"WebPage\",\"@id\":\"https:\/\/www.geminiforni.com\/es\/privacy\/#webpage\",\"url\":\"https:\/\/www.geminiforni.com\/es\/privacy\/\",\"name\":\"Privacy - Gemini Forni\",\"isPartOf\":{\"@id\":\"https:\/\/www.geminiforni.com\/#website\"},\"datePublished\":\"2021-07-21T07:34:03+00:00\",\"dateModified\":\"2021-07-21T07:34:03+00:00\",\"breadcrumb\":{\"@id\":\"https:\/\/www.geminiforni.com\/es\/privacy\/#breadcrumb\"},\"inLanguage\":\"es\",\"potentialAction\":[{\"@type\":\"ReadAction\",\"target\":[\"https:\/\/www.geminiforni.com\/es\/privacy\/\"]}]},{\"@type\":\"BreadcrumbList\",\"@id\":\"https:\/\/www.geminiforni.com\/es\/privacy\/#breadcrumb\",\"itemListElement\":[{\"@type\":\"ListItem\",\"position\":1,\"name\":\"Home\",\"item\":\"https:\/\/www.geminiforni.com\/es\/\"},{\"@type\":\"ListItem\",\"position\":2,\"name\":\"Privacy\"}]}]}<\/script>\n<!-- \/ Yoast SEO plugin. -->","yoast_head_json":{"title":"Privacy - Gemini Forni","robots":{"index":"index","follow":"follow","max-snippet":"max-snippet:-1","max-image-preview":"max-image-preview:large","max-video-preview":"max-video-preview:-1"},"canonical":"https:\/\/www.geminiforni.com\/es\/privacy\/","og_locale":"es_ES","og_type":"article","og_title":"Privacy - Gemini Forni","og_url":"https:\/\/www.geminiforni.com\/es\/privacy\/","og_site_name":"Gemini Forni","twitter_card":"summary_large_image","schema":{"@context":"https:\/\/schema.org","@graph":[{"@type":"Organization","@id":"https:\/\/www.geminiforni.com\/#organization","name":"Gemini Forni","url":"https:\/\/www.geminiforni.com\/","sameAs":[],"logo":{"@type":"ImageObject","@id":"https:\/\/www.geminiforni.com\/#logo","inLanguage":"es","url":"https:\/\/www.geminiforni.com\/wp-content\/uploads\/2021\/07\/gemini-logo-mail.png","contentUrl":"https:\/\/www.geminiforni.com\/wp-content\/uploads\/2021\/07\/gemini-logo-mail.png","width":407,"height":119,"caption":"Gemini Forni"},"image":{"@id":"https:\/\/www.geminiforni.com\/#logo"}},{"@type":"WebSite","@id":"https:\/\/www.geminiforni.com\/#website","url":"https:\/\/www.geminiforni.com\/","name":"Gemini Forni","description":"Qualit\u00e0 a 360 gradi nella cottura professionale.","publisher":{"@id":"https:\/\/www.geminiforni.com\/#organization"},"potentialAction":[{"@type":"SearchAction","target":{"@type":"EntryPoint","urlTemplate":"https:\/\/www.geminiforni.com\/?s={search_term_string}"},"query-input":"required name=search_term_string"}],"inLanguage":"es"},{"@type":"WebPage","@id":"https:\/\/www.geminiforni.com\/es\/privacy\/#webpage","url":"https:\/\/www.geminiforni.com\/es\/privacy\/","name":"Privacy - Gemini Forni","isPartOf":{"@id":"https:\/\/www.geminiforni.com\/#website"},"datePublished":"2021-07-21T07:34:03+00:00","dateModified":"2021-07-21T07:34:03+00:00","breadcrumb":{"@id":"https:\/\/www.geminiforni.com\/es\/privacy\/#breadcrumb"},"inLanguage":"es","potentialAction":[{"@type":"ReadAction","target":["https:\/\/www.geminiforni.com\/es\/privacy\/"]}]},{"@type":"BreadcrumbList","@id":"https:\/\/www.geminiforni.com\/es\/privacy\/#breadcrumb","itemListElement":[{"@type":"ListItem","position":1,"name":"Home","item":"https:\/\/www.geminiforni.com\/es\/"},{"@type":"ListItem","position":2,"name":"Privacy"}]}]}},"_links":{"self":[{"href":"https:\/\/www.geminiforni.com\/es\/wp-json\/wp\/v2\/pages\/1179"}],"collection":[{"href":"https:\/\/www.geminiforni.com\/es\/wp-json\/wp\/v2\/pages"}],"about":[{"href":"https:\/\/www.geminiforni.com\/es\/wp-json\/wp\/v2\/types\/page"}],"author":[{"embeddable":true,"href":"https:\/\/www.geminiforni.com\/es\/wp-json\/wp\/v2\/users\/4"}],"replies":[{"embeddable":true,"href":"https:\/\/www.geminiforni.com\/es\/wp-json\/wp\/v2\/comments?post=1179"}],"version-history":[{"count":0,"href":"https:\/\/www.geminiforni.com\/es\/wp-json\/wp\/v2\/pages\/1179\/revisions"}],"wp:attachment":[{"href":"https:\/\/www.geminiforni.com\/es\/wp-json\/wp\/v2\/media?parent=1179"}],"curies":[{"name":"wp","href":"https:\/\/api.w.org\/{rel}","templated":true}]}}