{"id":1209,"date":"2021-07-01T12:16:09","date_gmt":"2021-07-01T12:16:09","guid":{"rendered":"https:\/\/www.geminiforni.com\/home\/"},"modified":"2021-09-20T09:25:05","modified_gmt":"2021-09-20T07:25:05","slug":"home","status":"publish","type":"page","link":"https:\/\/www.geminiforni.com\/es\/","title":{"rendered":"Home"},"content":{"rendered":"<section class=\"hero-home\">\n\t\t\t<div class=\"hero-content-wrapper\">\n\t\t\t<div class=\"hero-home-content\">\n\t\t\t<div class=\"container\">\n\t\t\t\t<div class=\"row\">\n\t\t\t\t\t<div class=\"col-12 col-md-6 col-xl-5\">\n\t\t\t\t\t\t<span class=\"made-in-italy\"><p>made in Italy<\/p><\/span>\n\t\t\t\t\t\t<h1>Calidad a 360 grados en la cocina profesional.<span><\/span><\/h1>\n\t\t\t\t\t<\/div>\n\t\t\t\t<\/div>\n\t\t\t<\/div>\n\t\t<\/div>\n\t  <div class=\"hero-home-image\">\n\t    <img\n\t\t\t\talt=\"Gemini Forni\"\n\t\t\t\tsrc=\"https:\/\/www.geminiforni.com\/wp-content\/uploads\/2021\/07\/hero-image.png\"\n\t\t\t\tsrcset=\"https:\/\/www.geminiforni.com\/wp-content\/uploads\/2021\/07\/hero-image.png  480w,\n             https:\/\/www.geminiforni.com\/wp-content\/uploads\/2021\/07\/hero-image.png 1024w\"\n     \t \tsizes=\"(max-width: 800px) 480px,\n            1024px\"\n\t\t\t\twidth=\"1055\"\n\t\t\t\theight=\"805\">\n\t  <\/div>\n\t\t<\/div>\n\t<\/section>\n\n\n<section class=\"txt-img-section intro-section\">\n\t\t\t<div class=\"intro-side-image left\">\n\t\t<img src=\"https:\/\/www.geminiforni.com\/wp-content\/uploads\/2021\/07\/intro-side-image.png\" alt=\"Tutto il gusto della tecnologia italiana\">\n\t<\/div>\n\t<div class=\"container\">\n\t\t<div class=\"row\">\n\t\t\t<div class=\"col-12 col-lg-8 col-xl-7 offset-lg-4\">\n\t\t\t\t<article class=\"intro-side-article side-content animate-scroll\" data-animations=\"animated fadeInLeft delay10\">\n\t\t\t\t\t<h2>Todo el sabor de la tecnolog\u00eda italiana<\/h2><hr \/>\t\t\t\t\t<p>Gemini Forni\u00ae se fund\u00f3 en Mil\u00e1n en 1987.<\/p>\n<p>Dise\u00f1a y fabrica hornos por convecci\u00f3n profesionales, 100% Made in Italy para restaurantes, hosteler\u00eda, cadenas de restaurantes, restaurantes de comida r\u00e1pida y pasteler\u00edas. Gemini Forni\u00ae fue una de las primeras empresas de Europa en presentar los hornos por convecci\u00f3n y en hacer historia en el sector Ho.Re.Ca. La experiencia adquirida en m\u00e1s de 30 a\u00f1os de actividad nos ha permitido dise\u00f1ar y fabricar una l\u00ednea de productos que pueden garantizar no s\u00f3lo una cocina impecable, sino tambi\u00e9n una gran fiabilidad y practicidad de uso.<\/p>\n<p>Precisamente por estas caracter\u00edsticas, los hornos Gemini Forni\u00ae est\u00e1n presentes en las cocinas de todo el mundo desde hace a\u00f1os y son utilizados por grandes empresas nacionales e internacionales del sector de la Alimentaci\u00f3n y la Pasteler\u00eda.<\/p>\n\t\t\t\t<\/article>\n\t\t\t<\/div>\n\t\t<\/div>\n\t<\/div>\n<\/section>\n\n\n<section class=\"pt-0\">\n  <div class=\"container\">\n    <div class=\"row\">\n      <div class=\"col-12 col-lg-10 mx-auto\">\n        <article class=\"content-article text-center animate-scroll\" data-animations=\"animated fadeIn delay10\">\n          <h2>Perfecci\u00f3n y sencillez al m\u00e1ximo nivel.<\/h2>          <h3>Un horno \u00fanico para gastronom\u00eda, pasteler\u00eda y panader\u00eda.<\/h3>          <hr>                    <p>Con una gama modulada para responder a las m\u00e1s diversas exigencias de producci\u00f3n, la l\u00ednea de hornos GEMINI se dirige a todos los profesionales de la restauraci\u00f3n que buscan un horno el\u00e9ctrico que garantice una cocci\u00f3n impecable, f\u00e1cil de usar y con controles sencillos.<br \/>\nLa combinaci\u00f3n perfecta de rendimiento, facilidad de uso y durabilidad.<\/p>\n        <\/article>\n      <\/div>\n    <\/div>\n  <\/div>\n<\/section>\n\n\n<section class=\"products\">\n  <div class=\"container-fluid product-teaser-wrapper\">\n    <div class=\"row\">\n      <div class=\"col-12 col-lg-6 col-xxl-3 product type-product post-1006 status-publish first instock product_cat-hornos-por-conveccion-profesionales has-post-thumbnail taxable shipping-taxable purchasable product-type-simple\">\n\t<article class=\"product-teaser\">\n\t<a href=\"https:\/\/www.geminiforni.com\/es\/producto\/gemini-2n\/\" class=\"woocommerce-LoopProduct-link woocommerce-loop-product__link\"><div class=\"image\"><img width=\"480\" height=\"359\" src=\"https:\/\/www.geminiforni.com\/wp-content\/uploads\/2021\/07\/product-gemini-2n.png\" class=\"attachment-product-small size-product-small\" alt=\"Gemini N2 - Gemini forni\" \/><\/div><div class=\"content\"><ul class=\"capacity\"><li>3 bandejas<\/li><li> 27 bollos<\/li><\/ul><h4 class=\"woocommerce-loop-product_title\">Gemini <strong>2N <\/strong> <\/h4><\/div><span class=\"btn\">Ver detalle<\/span><\/a>\t\n\t<a href=\"https:\/\/www.geminiforni.com\/es\/producto\/gemini-2n\/#bandejas\" class=\"product-accessories anchorlink\">Descubra las bandejas compatibles<\/a>\n\t\t<\/article>\n<\/div>\n<div class=\"col-12 col-lg-6 col-xxl-3 product type-product post-1003 status-publish instock product_cat-hornos-por-conveccion-profesionales has-post-thumbnail taxable shipping-taxable purchasable product-type-simple\">\n\t<article class=\"product-teaser\">\n\t<a href=\"https:\/\/www.geminiforni.com\/es\/producto\/gemini-4n\/\" class=\"woocommerce-LoopProduct-link woocommerce-loop-product__link\"><div class=\"image\"><img width=\"480\" height=\"359\" src=\"https:\/\/www.geminiforni.com\/wp-content\/uploads\/2021\/07\/product-gemini-4n.png\" class=\"attachment-product-small size-product-small\" alt=\"Gemini 4N\" \/><\/div><div class=\"content\"><ul class=\"capacity\"><li>4 bandejas<\/li><li> 36 bollos<\/li><\/ul><h4 class=\"woocommerce-loop-product_title\">Gemini <strong>4N <\/strong> <\/h4><\/div><span class=\"btn\">Ver detalle<\/span><\/a>\t\n\t<a href=\"https:\/\/www.geminiforni.com\/es\/producto\/gemini-4n\/#bandejas\" class=\"product-accessories anchorlink\">Descubra las bandejas compatibles<\/a>\n\t\t<\/article>\n<\/div>\n<div class=\"col-12 col-lg-6 col-xxl-3 product type-product post-963 status-publish instock product_cat-hornos-por-conveccion-profesionales has-post-thumbnail taxable shipping-taxable purchasable product-type-simple\">\n\t<article class=\"product-teaser\">\n\t<a href=\"https:\/\/www.geminiforni.com\/es\/producto\/gemini-5\/\" class=\"woocommerce-LoopProduct-link woocommerce-loop-product__link\"><div class=\"image\"><img width=\"480\" height=\"359\" src=\"https:\/\/www.geminiforni.com\/wp-content\/uploads\/2021\/07\/gemini-5-forno-professionale-alta-capienza.png\" class=\"attachment-product-small size-product-small\" alt=\"Gemini 5 - Gemini forni\" \/><\/div><div class=\"content\"><ul class=\"capacity\"><li>5 bandejas<\/li><li> 45 bollos<\/li><\/ul><h4 class=\"woocommerce-loop-product_title\">Gemini <strong>5 <\/strong> <\/h4><\/div><span class=\"btn\">Ver detalle<\/span><\/a>\t\n\t<a href=\"https:\/\/www.geminiforni.com\/es\/producto\/gemini-5\/#bandejas\" class=\"product-accessories anchorlink\">Descubra las bandejas compatibles<\/a>\n\t\t<\/article>\n<\/div>\n<div class=\"col-12 col-lg-6 col-xxl-3 product type-product post-959 status-publish last instock product_cat-hornos-por-conveccion-profesionales has-post-thumbnail taxable shipping-taxable purchasable product-type-simple\">\n\t<article class=\"product-teaser\">\n\t<a href=\"https:\/\/www.geminiforni.com\/es\/producto\/gemini-4-baguette\/\" class=\"woocommerce-LoopProduct-link woocommerce-loop-product__link\"><div class=\"image\"><img width=\"480\" height=\"359\" src=\"https:\/\/www.geminiforni.com\/wp-content\/uploads\/2021\/07\/product-gemini-4-baguette.png\" class=\"attachment-product-small size-product-small\" alt=\"Gemini 4 baguette\" \/><\/div><div class=\"content\"><ul class=\"capacity\"><li>4 bandejas<\/li><li> 72 bollos<\/li><\/ul><h4 class=\"woocommerce-loop-product_title\">Gemini <strong>4 <\/strong> baguette <\/h4><\/div><span class=\"btn\">Ver detalle<\/span><\/a>\t\n\t<a href=\"https:\/\/www.geminiforni.com\/es\/producto\/gemini-4-baguette\/#bandejas\" class=\"product-accessories anchorlink\">Descubra las bandejas compatibles<\/a>\n\t\t<\/article>\n<\/div>\n    <\/div>\n  <\/div>\n<\/section>\n\n\n<section class=\"logos-section mt-small\">\n  <div class=\"container\">\n    <div class=\"row\">\n      <div class=\"col-12\">\n        <ul class=\"logos-list certifications animate-scroll\" data-animations=\"animated fadeIn delay10\">\n\t\t\t\t\t\t\t\t\t\t\t\t\t\t          <li><img src=\"https:\/\/www.geminiforni.com\/wp-content\/uploads\/2021\/07\/certificate-moca.svg\" alt=\"Certificate UK CA\"><p>MOCA<br>certificado<\/p><\/li>\n\t\t\t\t\t\t\t\t\t\t          <li><img src=\"https:\/\/www.geminiforni.com\/wp-content\/uploads\/2021\/07\/certificate-ce.svg\" alt=\"Certificate UK CA\"><p>Los hornos Gemini cumplen<br>con la normativa vigente.<\/p><\/li>\n\t\t\t\t\t\t\t\t\t        <\/ul>\n      <\/div>\n    <\/div>\n  <\/div>\n<\/section>\n\n\n<section class=\"image-specs\">\n\t<div class=\"container\">\n\t\t<div class=\"row\">\n\t\t\t<div class=\"col-12 col-lg-6 order-lg-2 right\">\n\t\t\t\t<picture class=\"side-image right overlay\">\n\t\t\t\t\t<h2>Todos los ingredientes para tu \u00e9xito.<\/h2>\t\t\t\t\t\t\t\t\t\t<div class=\"featured\">\n\t\t\t\t\t\t<p>Doble<br>ventilaci\u00f3n<\/p>\n\t\t\t\t\t\t<img src=\"https:\/\/www.geminiforni.com\/wp-content\/uploads\/2021\/07\/feature-doppia-ventilazione.png\" alt=\"Doppia ventilazione\">\n\t\t\t\t\t<\/div>\n\t\t\t\t\t\t\t\t\t\t<img src=\"https:\/\/www.geminiforni.com\/wp-content\/uploads\/2021\/09\/gemini-forni-panettiere.jpg\" alt=\"Pane e panettiere, Gemini Forni\">\n\t\t\t\t<\/picture>\n\t\t\t<\/div>\n\t\t\t<div class=\"col-12 col-lg-6 order-lg-1 right\">\n\t\t\t\t<article class=\"side-article\">\n\t\t\t\t<h5>Profesionales, eficaces, pr\u00e1cticos, b\u00e1sicos<\/h5><hr>\t\t\t\t<p><em>Hornos compactos de alto rendimiento, pr\u00e1cticos y sin nada superfluo. Construidos con materiales duraderos de alta calidad y dise\u00f1ados para garantizar una cocci\u00f3n \u00f3ptima y uniforme en todo momento.<\/em><\/p>\n\t\t\t\t\t\t\t\t<ul class=\"features animate-scroll\" data-animations=\"animated fadeInLeft delay10\">\n\t\t\t\t\t\t\t\t\t\t<li>\n\t\t\t\t\t\t\t\t\t\t\t\t<span class=\"icon\"><img src=\"https:\/\/www.geminiforni.com\/wp-content\/uploads\/2021\/07\/feature-cottura.svg\" alt=\"Uniformit\u00e0 di cottura\" width=\"70\" height=\"70\"><\/span>\t\t\t\t\t\t<h6>Uniformidad de cocci\u00f3n<\/h6>\t\t\t\t\t\t<p>Alta calidad de cocci\u00f3n en cualquier condici\u00f3n de carga gracias a la doble ventilaci\u00f3n, a los deflectores perfilados y a una mayor distancia entre las bandejas.<\/p>\n\t\t\t\t\t<\/li>\n\t\t\t\t\t\t\t\t\t\t<li>\n\t\t\t\t\t\t\t\t\t\t\t\t<span class=\"icon\"><img src=\"https:\/\/www.geminiforni.com\/wp-content\/uploads\/2021\/07\/feature-affidabilita.svg\" alt=\"Affidabilit\u00e0 massima\" width=\"70\" height=\"70\"><\/span>\t\t\t\t\t\t<h6>M\u00e1xima fiabilidad<\/h6>\t\t\t\t\t\t<p>Construido con materiales duraderos de calidad.<\/p>\n\t\t\t\t\t<\/li>\n\t\t\t\t\t\t\t\t\t\t<li>\n\t\t\t\t\t\t\t\t\t\t\t\t<span class=\"icon\"><img src=\"https:\/\/www.geminiforni.com\/wp-content\/uploads\/2021\/07\/feature-dimensione.svg\" alt=\"Dimensione ottimizzata\" width=\"70\" height=\"70\"><\/span>\t\t\t\t\t\t<h6>Tama\u00f1o optimizado<\/h6>\t\t\t\t\t\t<p>Todo lo que necesita en menos de 60 cm de espacio.<\/p>\n\t\t\t\t\t<\/li>\n\t\t\t\t\t\t\t\t\t\t<li>\n\t\t\t\t\t\t\t\t\t\t\t\t<span class=\"icon\"><img src=\"https:\/\/www.geminiforni.com\/wp-content\/uploads\/2021\/07\/feature-rcprodotto.svg\" alt=\"RC Prodotto\" width=\"70\" height=\"70\"><\/span>\t\t\t\t\t\t<h6>Producto RC<\/h6>\t\t\t\t\t\t<p>Todos los hornos Gemini est\u00e1n cubiertos por una p\u00f3liza de Responsabilidad Civil (RC).<\/p>\n\t\t\t\t\t<\/li>\n\t\t\t\t\t\t\t\t\t\t<li>\n\t\t\t\t\t\t\t\t\t\t\t\t<span class=\"icon\"><img src=\"https:\/\/www.geminiforni.com\/wp-content\/uploads\/2021\/07\/feature-canna-fumaria.svg\" alt=\"Non necessita di canna fumaria\" width=\"70\" height=\"70\"><\/span>\t\t\t\t\t\t<h6>No requiere una chimenea<\/h6>\t\t\t\t\t\t\t\t\t\t\t<\/li>\n\t\t\t\t\t\t\t\t\t\t<li>\n\t\t\t\t\t\t\t\t\t\t\t\t<span class=\"icon\"><img src=\"https:\/\/www.geminiforni.com\/wp-content\/uploads\/2021\/07\/feature-semplicita.svg\" alt=\"Pratica semplicit\u00e0\" width=\"70\" height=\"70\"><\/span>\t\t\t\t\t\t<h6>Simplicidad pr\u00e1ctica<\/h6>\t\t\t\t\t\t<p>Controles sencillos e intuitivos para ajustar r\u00e1pidamente los par\u00e1metros de cocci\u00f3n correctos entre las bandejas de gran tama\u00f1o.<\/p>\n\t\t\t\t\t<\/li>\n\t\t\t\t\t\t\t\t\t\t<li>\n\t\t\t\t\t\t\t\t\t\t\t\t<span class=\"icon\"><img src=\"https:\/\/www.geminiforni.com\/wp-content\/uploads\/2021\/07\/feature-manutenzione.svg\" alt=\"Manutenzione facilitata\" width=\"70\" height=\"70\"><\/span>\t\t\t\t\t\t<h6>Mantenimiento facilitado<\/h6>\t\t\t\t\t\t<p>Dise\u00f1ado con <strong>panel de control lateral<\/strong> para facilitar y agilizar cualquier intervenci\u00f3n de mantenimiento<\/p>\n\t\t\t\t\t<\/li>\n\t\t\t\t\t\t\t\t\t\t<li>\n\t\t\t\t\t\t\t\t\t\t\t\t<span class=\"icon\"><img src=\"https:\/\/www.geminiforni.com\/wp-content\/uploads\/2021\/07\/feature-sicurezza.svg\" alt=\"Sicurezza dei materiali\" width=\"70\" height=\"70\"><\/span>\t\t\t\t\t\t<h6>Seguridad de los materiales<\/h6>\t\t\t\t\t\t<p>Bandejas de aluminio y de tefl\u00f3n con certificaci\u00f3n MOCA para alimentos.<\/p>\n\t\t\t\t\t<\/li>\n\t\t\t\t\t\t\t\t\t\t<li>\n\t\t\t\t\t\t\t\t\t\t\t\t<span class=\"icon\"><img src=\"https:\/\/www.geminiforni.com\/wp-content\/uploads\/2021\/07\/feature-personalizzazioni.svg\" alt=\"Personalizzazione\" width=\"70\" height=\"70\"><\/span>\t\t\t\t\t\t<h6>Personalizaciones<\/h6>\t\t\t\t\t\t<p>Posibilidad de personalizaci\u00f3n para grandes clientes.<\/p>\n\t\t\t\t\t<\/li>\n\t\t\t\t\t\t\t\t\t\t<li>\n\t\t\t\t\t\t\t\t\t\t\t\t<span class=\"icon\"><img src=\"https:\/\/www.geminiforni.com\/wp-content\/uploads\/2021\/07\/feature-pulizia.svg\" alt=\"\" width=\"70\" height=\"70\"><\/span>\t\t\t\t\t\t<h6>F\u00e1cil limpieza<\/h6>\t\t\t\t\t\t<p>La c\u00e1mara de cocci\u00f3n de acero esmaltado hace que la limpieza sea mucho m\u00e1s f\u00e1cil y r\u00e1pida.<\/p>\n\t\t\t\t\t<\/li>\n\t\t\t\t\t\t\t\t\t<\/article>\n\t\t\t\t\t\t\t<\/div>\n\t\t<\/div>\n\t<\/div>\n<\/section>\n","protected":false},"excerpt":{"rendered":"","protected":false},"author":4,"featured_media":515,"parent":0,"menu_order":0,"comment_status":"closed","ping_status":"closed","template":"","meta":[],"yoast_head":"<!-- This site is optimized with the Yoast SEO plugin v17.1 - https:\/\/yoast.com\/wordpress\/plugins\/seo\/ -->\n<title>Gemini Forni - Calidad a 360 grados en la cocina profesional<\/title>\n<meta name=\"description\" content=\"Perfecci\u00f3n y sencillez al m\u00e1ximo nivel. Un horno \u00fanico para gastronom\u00eda, pasteler\u00eda y panader\u00eda. Made in Italy.\" \/>\n<meta name=\"robots\" content=\"index, follow, max-snippet:-1, max-image-preview:large, max-video-preview:-1\" \/>\n<link rel=\"canonical\" href=\"https:\/\/www.geminiforni.com\/es\/\" \/>\n<meta property=\"og:locale\" content=\"es_ES\" \/>\n<meta property=\"og:type\" content=\"article\" \/>\n<meta property=\"og:title\" content=\"Gemini Forni - Calidad a 360 grados en la cocina profesional\" \/>\n<meta property=\"og:description\" content=\"Perfecci\u00f3n y sencillez al m\u00e1ximo nivel. Un horno \u00fanico para gastronom\u00eda, pasteler\u00eda y panader\u00eda. Made in Italy.\" \/>\n<meta property=\"og:url\" content=\"https:\/\/www.geminiforni.com\/es\/\" \/>\n<meta property=\"og:site_name\" content=\"Gemini Forni\" \/>\n<meta property=\"article:modified_time\" content=\"2021-09-20T07:25:05+00:00\" \/>\n<meta property=\"og:image\" content=\"https:\/\/www.geminiforni.it\/wp-content\/uploads\/2021\/07\/product-gemini-4n.png\" \/>\n\t<meta property=\"og:image:width\" content=\"1000\" \/>\n\t<meta property=\"og:image:height\" content=\"748\" \/>\n<meta name=\"twitter:card\" content=\"summary_large_image\" \/>\n<meta name=\"twitter:title\" content=\"Gemini Forni - Calidad a 360 grados en la cocina profesional\" \/>\n<meta name=\"twitter:description\" content=\"Perfecci\u00f3n y sencillez al m\u00e1ximo nivel. Un horno \u00fanico para gastronom\u00eda, pasteler\u00eda y panader\u00eda. Made in Italy.\" \/>\n<meta name=\"twitter:image\" content=\"https:\/\/www.geminiforni.com\/wp-content\/uploads\/2021\/07\/product-gemini-4n.png\" \/>\n<script type=\"application\/ld+json\" class=\"yoast-schema-graph\">{\"@context\":\"https:\/\/schema.org\",\"@graph\":[{\"@type\":\"Organization\",\"@id\":\"https:\/\/www.geminiforni.com\/#organization\",\"name\":\"Gemini Forni\",\"url\":\"https:\/\/www.geminiforni.com\/\",\"sameAs\":[],\"logo\":{\"@type\":\"ImageObject\",\"@id\":\"https:\/\/www.geminiforni.com\/#logo\",\"inLanguage\":\"es\",\"url\":\"https:\/\/www.geminiforni.com\/wp-content\/uploads\/2021\/07\/gemini-logo-mail.png\",\"contentUrl\":\"https:\/\/www.geminiforni.com\/wp-content\/uploads\/2021\/07\/gemini-logo-mail.png\",\"width\":407,\"height\":119,\"caption\":\"Gemini Forni\"},\"image\":{\"@id\":\"https:\/\/www.geminiforni.com\/#logo\"}},{\"@type\":\"WebSite\",\"@id\":\"https:\/\/www.geminiforni.com\/#website\",\"url\":\"https:\/\/www.geminiforni.com\/\",\"name\":\"Gemini Forni\",\"description\":\"Qualit\\u00e0 a 360 gradi nella cottura professionale.\",\"publisher\":{\"@id\":\"https:\/\/www.geminiforni.com\/#organization\"},\"potentialAction\":[{\"@type\":\"SearchAction\",\"target\":{\"@type\":\"EntryPoint\",\"urlTemplate\":\"https:\/\/www.geminiforni.com\/?s={search_term_string}\"},\"query-input\":\"required name=search_term_string\"}],\"inLanguage\":\"es\"},{\"@type\":\"ImageObject\",\"@id\":\"https:\/\/www.geminiforni.com\/es\/#primaryimage\",\"inLanguage\":\"es\",\"url\":\"https:\/\/www.geminiforni.com\/wp-content\/uploads\/2021\/07\/product-gemini-4n.png\",\"contentUrl\":\"https:\/\/www.geminiforni.com\/wp-content\/uploads\/2021\/07\/product-gemini-4n.png\",\"width\":1000,\"height\":748,\"caption\":\"Gemini 4N\"},{\"@type\":\"WebPage\",\"@id\":\"https:\/\/www.geminiforni.com\/es\/#webpage\",\"url\":\"https:\/\/www.geminiforni.com\/es\/\",\"name\":\"Gemini Forni - Calidad a 360 grados en la cocina profesional\",\"isPartOf\":{\"@id\":\"https:\/\/www.geminiforni.com\/#website\"},\"primaryImageOfPage\":{\"@id\":\"https:\/\/www.geminiforni.com\/es\/#primaryimage\"},\"datePublished\":\"2021-07-01T12:16:09+00:00\",\"dateModified\":\"2021-09-20T07:25:05+00:00\",\"description\":\"Perfecci\\u00f3n y sencillez al m\\u00e1ximo nivel. Un horno \\u00fanico para gastronom\\u00eda, pasteler\\u00eda y panader\\u00eda. Made in Italy.\",\"breadcrumb\":{\"@id\":\"https:\/\/www.geminiforni.com\/es\/#breadcrumb\"},\"inLanguage\":\"es\",\"potentialAction\":[{\"@type\":\"ReadAction\",\"target\":[\"https:\/\/www.geminiforni.com\/es\/\"]}]},{\"@type\":\"BreadcrumbList\",\"@id\":\"https:\/\/www.geminiforni.com\/es\/#breadcrumb\",\"itemListElement\":[{\"@type\":\"ListItem\",\"position\":1,\"name\":\"Home\",\"item\":\"https:\/\/www.geminiforni.com\/es\/\"},{\"@type\":\"ListItem\",\"position\":2,\"name\":\"Home\"}]}]}<\/script>\n<!-- \/ Yoast SEO plugin. -->","yoast_head_json":{"title":"Gemini Forni - Calidad a 360 grados en la cocina profesional","description":"Perfecci\u00f3n y sencillez al m\u00e1ximo nivel. Un horno \u00fanico para gastronom\u00eda, pasteler\u00eda y panader\u00eda. Made in Italy.","robots":{"index":"index","follow":"follow","max-snippet":"max-snippet:-1","max-image-preview":"max-image-preview:large","max-video-preview":"max-video-preview:-1"},"canonical":"https:\/\/www.geminiforni.com\/es\/","og_locale":"es_ES","og_type":"article","og_title":"Gemini Forni - Calidad a 360 grados en la cocina profesional","og_description":"Perfecci\u00f3n y sencillez al m\u00e1ximo nivel. Un horno \u00fanico para gastronom\u00eda, pasteler\u00eda y panader\u00eda. Made in Italy.","og_url":"https:\/\/www.geminiforni.com\/es\/","og_site_name":"Gemini Forni","article_modified_time":"2021-09-20T07:25:05+00:00","og_image":[{"width":1000,"height":748,"url":"https:\/\/www.geminiforni.it\/wp-content\/uploads\/2021\/07\/product-gemini-4n.png","path":"\/var\/www\/vhosts\/geminiforni.it\/httpdocs\/wp-content\/uploads\/2021\/07\/product-gemini-4n.png","size":"full","id":"515","alt":"Gemini 4N","pixels":748000,"type":"image\/png"}],"twitter_card":"summary_large_image","twitter_title":"Gemini Forni - Calidad a 360 grados en la cocina profesional","twitter_description":"Perfecci\u00f3n y sencillez al m\u00e1ximo nivel. Un horno \u00fanico para gastronom\u00eda, pasteler\u00eda y panader\u00eda. Made in Italy.","twitter_image":"https:\/\/www.geminiforni.com\/wp-content\/uploads\/2021\/07\/product-gemini-4n.png","schema":{"@context":"https:\/\/schema.org","@graph":[{"@type":"Organization","@id":"https:\/\/www.geminiforni.com\/#organization","name":"Gemini Forni","url":"https:\/\/www.geminiforni.com\/","sameAs":[],"logo":{"@type":"ImageObject","@id":"https:\/\/www.geminiforni.com\/#logo","inLanguage":"es","url":"https:\/\/www.geminiforni.com\/wp-content\/uploads\/2021\/07\/gemini-logo-mail.png","contentUrl":"https:\/\/www.geminiforni.com\/wp-content\/uploads\/2021\/07\/gemini-logo-mail.png","width":407,"height":119,"caption":"Gemini Forni"},"image":{"@id":"https:\/\/www.geminiforni.com\/#logo"}},{"@type":"WebSite","@id":"https:\/\/www.geminiforni.com\/#website","url":"https:\/\/www.geminiforni.com\/","name":"Gemini Forni","description":"Qualit\u00e0 a 360 gradi nella cottura professionale.","publisher":{"@id":"https:\/\/www.geminiforni.com\/#organization"},"potentialAction":[{"@type":"SearchAction","target":{"@type":"EntryPoint","urlTemplate":"https:\/\/www.geminiforni.com\/?s={search_term_string}"},"query-input":"required name=search_term_string"}],"inLanguage":"es"},{"@type":"ImageObject","@id":"https:\/\/www.geminiforni.com\/es\/#primaryimage","inLanguage":"es","url":"https:\/\/www.geminiforni.com\/wp-content\/uploads\/2021\/07\/product-gemini-4n.png","contentUrl":"https:\/\/www.geminiforni.com\/wp-content\/uploads\/2021\/07\/product-gemini-4n.png","width":1000,"height":748,"caption":"Gemini 4N"},{"@type":"WebPage","@id":"https:\/\/www.geminiforni.com\/es\/#webpage","url":"https:\/\/www.geminiforni.com\/es\/","name":"Gemini Forni - Calidad a 360 grados en la cocina profesional","isPartOf":{"@id":"https:\/\/www.geminiforni.com\/#website"},"primaryImageOfPage":{"@id":"https:\/\/www.geminiforni.com\/es\/#primaryimage"},"datePublished":"2021-07-01T12:16:09+00:00","dateModified":"2021-09-20T07:25:05+00:00","description":"Perfecci\u00f3n y sencillez al m\u00e1ximo nivel. Un horno \u00fanico para gastronom\u00eda, pasteler\u00eda y panader\u00eda. Made in Italy.","breadcrumb":{"@id":"https:\/\/www.geminiforni.com\/es\/#breadcrumb"},"inLanguage":"es","potentialAction":[{"@type":"ReadAction","target":["https:\/\/www.geminiforni.com\/es\/"]}]},{"@type":"BreadcrumbList","@id":"https:\/\/www.geminiforni.com\/es\/#breadcrumb","itemListElement":[{"@type":"ListItem","position":1,"name":"Home","item":"https:\/\/www.geminiforni.com\/es\/"},{"@type":"ListItem","position":2,"name":"Home"}]}]}},"_links":{"self":[{"href":"https:\/\/www.geminiforni.com\/es\/wp-json\/wp\/v2\/pages\/1209"}],"collection":[{"href":"https:\/\/www.geminiforni.com\/es\/wp-json\/wp\/v2\/pages"}],"about":[{"href":"https:\/\/www.geminiforni.com\/es\/wp-json\/wp\/v2\/types\/page"}],"author":[{"embeddable":true,"href":"https:\/\/www.geminiforni.com\/es\/wp-json\/wp\/v2\/users\/4"}],"replies":[{"embeddable":true,"href":"https:\/\/www.geminiforni.com\/es\/wp-json\/wp\/v2\/comments?post=1209"}],"version-history":[{"count":2,"href":"https:\/\/www.geminiforni.com\/es\/wp-json\/wp\/v2\/pages\/1209\/revisions"}],"predecessor-version":[{"id":1221,"href":"https:\/\/www.geminiforni.com\/es\/wp-json\/wp\/v2\/pages\/1209\/revisions\/1221"}],"wp:featuredmedia":[{"embeddable":true,"href":"https:\/\/www.geminiforni.com\/es\/wp-json\/wp\/v2\/media\/515"}],"wp:attachment":[{"href":"https:\/\/www.geminiforni.com\/es\/wp-json\/wp\/v2\/media?parent=1209"}],"curies":[{"name":"wp","href":"https:\/\/api.w.org\/{rel}","templated":true}]}}