{"id":1207,"date":"2021-07-01T12:16:09","date_gmt":"2021-07-01T12:16:09","guid":{"rendered":"https:\/\/www.geminiforni.com\/home\/"},"modified":"2021-09-20T09:22:59","modified_gmt":"2021-09-20T07:22:59","slug":"home","status":"publish","type":"page","link":"https:\/\/www.geminiforni.com\/fr\/","title":{"rendered":"Home"},"content":{"rendered":"<section class=\"hero-home\">\n\t\t\t<div class=\"hero-content-wrapper\">\n\t\t\t<div class=\"hero-home-content\">\n\t\t\t<div class=\"container\">\n\t\t\t\t<div class=\"row\">\n\t\t\t\t\t<div class=\"col-12 col-md-6 col-xl-5\">\n\t\t\t\t\t\t<span class=\"made-in-italy\"><p>made in Italy<\/p><\/span>\n\t\t\t\t\t\t<h1>Une qualit\u00e9 \u00e0 360 degr\u00e9s pour la cuisson professionnelle.<span><\/span><\/h1>\n\t\t\t\t\t<\/div>\n\t\t\t\t<\/div>\n\t\t\t<\/div>\n\t\t<\/div>\n\t  <div class=\"hero-home-image\">\n\t    <img\n\t\t\t\talt=\"Gemini Forni\"\n\t\t\t\tsrc=\"https:\/\/www.geminiforni.com\/wp-content\/uploads\/2021\/07\/hero-image.png\"\n\t\t\t\tsrcset=\"https:\/\/www.geminiforni.com\/wp-content\/uploads\/2021\/07\/hero-image.png  480w,\n             https:\/\/www.geminiforni.com\/wp-content\/uploads\/2021\/07\/hero-image.png 1024w\"\n     \t \tsizes=\"(max-width: 800px) 480px,\n            1024px\"\n\t\t\t\twidth=\"1055\"\n\t\t\t\theight=\"805\">\n\t  <\/div>\n\t\t<\/div>\n\t<\/section>\n\n\n<section class=\"txt-img-section intro-section\">\n\t\t\t<div class=\"intro-side-image left\">\n\t\t<img src=\"https:\/\/www.geminiforni.com\/wp-content\/uploads\/2021\/07\/intro-side-image.png\" alt=\"Tutto il gusto della tecnologia italiana\">\n\t<\/div>\n\t<div class=\"container\">\n\t\t<div class=\"row\">\n\t\t\t<div class=\"col-12 col-lg-8 col-xl-7 offset-lg-4\">\n\t\t\t\t<article class=\"intro-side-article side-content animate-scroll\" data-animations=\"animated fadeInLeft delay10\">\n\t\t\t\t\t<h2>Toute la saveur de la technologie italienne<\/h2><hr \/>\t\t\t\t\t<p>Gemini Forni\u00ae a \u00e9t\u00e9 fond\u00e9e \u00e0 Milan en 1987.<\/p>\n<p>Elle con\u00e7oit et fabrique des fours professionnels \u00e0 convection 100% Made in Italy pour la restauration rapide, la gastronomie, les cha\u00eenes de restaurants, les fast-foods et les p\u00e2tisseries. Gemini Forni\u00ae a \u00e9t\u00e9 l\u2019une des premi\u00e8res entreprises d\u2019Europe \u00e0 pr\u00e9senter des fours \u00e0 convection et \u00e0 marquer l&rsquo;histoire du secteur CHR. L\u2019exp\u00e9rience acquise en plus de 30 ans d\u2019activit\u00e9 nous a permis de concevoir et de r\u00e9aliser une ligne de produits en mesure de garantir non seulement une cuisson parfaite mais aussi une grande fiabilit\u00e9 et une grande praticit\u00e9 d&rsquo;utilisation.<\/p>\n<p>C\u2019est pr\u00e9cis\u00e9ment en raison de ces caract\u00e9ristiques que les fours Gemini Forni\u00ae sont pr\u00e9sents depuis des ann\u00e9es dans les cuisines du monde entier et sont utilis\u00e9s par de grandes entreprises italiennes et internationales du secteur de l&rsquo;alimentation et de la boulangerie.<\/p>\n\t\t\t\t<\/article>\n\t\t\t<\/div>\n\t\t<\/div>\n\t<\/div>\n<\/section>\n\n\n<section class=\"pt-0\">\n  <div class=\"container\">\n    <div class=\"row\">\n      <div class=\"col-12 col-lg-10 mx-auto\">\n        <article class=\"content-article text-center animate-scroll\" data-animations=\"animated fadeIn delay10\">\n          <h2>Le summum de la perfection et de la simplicit\u00e9.<\/h2>          <h3>Un seul four pour les secteurs de la gastronomie, la p\u00e2tisserie et la boulangerie.<\/h3>          <hr>                    <p>Avec une gamme modul\u00e9e pour r\u00e9pondre aux exigences de production les plus diverses, la ligne de fours GEMINI s\u2019adresse \u00e0 tous les professionnels de la restauration qui recherchent un four \u00e9lectrique en mesure de garantir une cuisson impeccable, facile \u00e0 utiliser et avec des commandes simples.<br \/>\nLa combinaison parfaite de performances, facilit\u00e9 d&rsquo;utilisation et durabilit\u00e9.<\/p>\n        <\/article>\n      <\/div>\n    <\/div>\n  <\/div>\n<\/section>\n\n\n<section class=\"products\">\n  <div class=\"container-fluid product-teaser-wrapper\">\n    <div class=\"row\">\n      <div class=\"col-12 col-lg-6 col-xxl-3 product type-product post-1004 status-publish first instock product_cat-fours-professionnels-a-convection has-post-thumbnail taxable shipping-taxable purchasable product-type-simple\">\n\t<article class=\"product-teaser\">\n\t<a href=\"https:\/\/www.geminiforni.com\/fr\/produit\/gemini-2n\/\" class=\"woocommerce-LoopProduct-link woocommerce-loop-product__link\"><div class=\"image\"><img width=\"480\" height=\"359\" src=\"https:\/\/www.geminiforni.com\/wp-content\/uploads\/2021\/07\/product-gemini-2n.png\" class=\"attachment-product-small size-product-small\" alt=\"Gemini N2 - Gemini forni\" \/><\/div><div class=\"content\"><ul class=\"capacity\"><li>3 plaques<\/li><li> 27 brioches<\/li><\/ul><h4 class=\"woocommerce-loop-product_title\">Gemini <strong>2N <\/strong> <\/h4><\/div><span class=\"btn\">Voir le d\u00e9tail<\/span><\/a>\t\n\t<a href=\"https:\/\/www.geminiforni.com\/fr\/produit\/gemini-2n\/#plaques\" class=\"product-accessories anchorlink\">D\u00e9couvrez les plaques compatibles<\/a>\n\t\t<\/article>\n<\/div>\n<div class=\"col-12 col-lg-6 col-xxl-3 product type-product post-1001 status-publish instock product_cat-fours-professionnels-a-convection has-post-thumbnail taxable shipping-taxable purchasable product-type-simple\">\n\t<article class=\"product-teaser\">\n\t<a href=\"https:\/\/www.geminiforni.com\/fr\/produit\/gemini-4n\/\" class=\"woocommerce-LoopProduct-link woocommerce-loop-product__link\"><div class=\"image\"><img width=\"480\" height=\"359\" src=\"https:\/\/www.geminiforni.com\/wp-content\/uploads\/2021\/07\/product-gemini-4n.png\" class=\"attachment-product-small size-product-small\" alt=\"Gemini 4N\" \/><\/div><div class=\"content\"><ul class=\"capacity\"><li>4 plaques<\/li><li> 36 brioches<\/li><\/ul><h4 class=\"woocommerce-loop-product_title\">Gemini <strong>4N <\/strong> <\/h4><\/div><span class=\"btn\">Voir le d\u00e9tail<\/span><\/a>\t\n\t<a href=\"https:\/\/www.geminiforni.com\/fr\/produit\/gemini-4n\/#plaques\" class=\"product-accessories anchorlink\">D\u00e9couvrez les plaques compatibles<\/a>\n\t\t<\/article>\n<\/div>\n<div class=\"col-12 col-lg-6 col-xxl-3 product type-product post-961 status-publish instock product_cat-fours-professionnels-a-convection has-post-thumbnail taxable shipping-taxable purchasable product-type-simple\">\n\t<article class=\"product-teaser\">\n\t<a href=\"https:\/\/www.geminiforni.com\/fr\/produit\/gemini-5\/\" class=\"woocommerce-LoopProduct-link woocommerce-loop-product__link\"><div class=\"image\"><img width=\"480\" height=\"359\" src=\"https:\/\/www.geminiforni.com\/wp-content\/uploads\/2021\/07\/gemini-5-forno-professionale-alta-capienza.png\" class=\"attachment-product-small size-product-small\" alt=\"Gemini 5 - Gemini forni\" \/><\/div><div class=\"content\"><ul class=\"capacity\"><li>5 plaques<\/li><li> 45 brioches<\/li><\/ul><h4 class=\"woocommerce-loop-product_title\">Gemini <strong>5 <\/strong> <\/h4><\/div><span class=\"btn\">Voir le d\u00e9tail<\/span><\/a>\t\n\t<a href=\"https:\/\/www.geminiforni.com\/fr\/produit\/gemini-5\/#plaques\" class=\"product-accessories anchorlink\">D\u00e9couvrez les plaques compatibles<\/a>\n\t\t<\/article>\n<\/div>\n<div class=\"col-12 col-lg-6 col-xxl-3 product type-product post-957 status-publish last instock product_cat-fours-professionnels-a-convection has-post-thumbnail taxable shipping-taxable purchasable product-type-simple\">\n\t<article class=\"product-teaser\">\n\t<a href=\"https:\/\/www.geminiforni.com\/fr\/produit\/gemini-4-baguette\/\" class=\"woocommerce-LoopProduct-link woocommerce-loop-product__link\"><div class=\"image\"><img width=\"480\" height=\"359\" src=\"https:\/\/www.geminiforni.com\/wp-content\/uploads\/2021\/07\/product-gemini-4-baguette.png\" class=\"attachment-product-small size-product-small\" alt=\"Gemini 4 baguette\" \/><\/div><div class=\"content\"><ul class=\"capacity\"><li>4 plaques<\/li><li> 72 brioches<\/li><\/ul><h4 class=\"woocommerce-loop-product_title\">Gemini <strong>4 <\/strong> baguette <\/h4><\/div><span class=\"btn\">Voir le d\u00e9tail<\/span><\/a>\t\n\t<a href=\"https:\/\/www.geminiforni.com\/fr\/produit\/gemini-4-baguette\/#plaques\" class=\"product-accessories anchorlink\">D\u00e9couvrez les plaques compatibles<\/a>\n\t\t<\/article>\n<\/div>\n    <\/div>\n  <\/div>\n<\/section>\n\n\n<section class=\"logos-section mt-small\">\n  <div class=\"container\">\n    <div class=\"row\">\n      <div class=\"col-12\">\n        <ul class=\"logos-list certifications animate-scroll\" data-animations=\"animated fadeIn delay10\">\n\t\t\t\t\t\t\t\t\t\t\t\t\t\t          <li><img src=\"https:\/\/www.geminiforni.com\/wp-content\/uploads\/2021\/07\/certificate-moca.svg\" alt=\"Certificate UK CA\"><p>MOCA<br>certifi\u00e9<\/p><\/li>\n\t\t\t\t\t\t\t\t\t\t          <li><img src=\"https:\/\/www.geminiforni.com\/wp-content\/uploads\/2021\/07\/certificate-ce.svg\" alt=\"Certificate UK CA\"><p>Les fours Gemini sont conformes<br>\u00e0 la r\u00e9glementation en vigueur.<\/p><\/li>\n\t\t\t\t\t\t\t\t\t        <\/ul>\n      <\/div>\n    <\/div>\n  <\/div>\n<\/section>\n\n\n<section class=\"image-specs\">\n\t<div class=\"container\">\n\t\t<div class=\"row\">\n\t\t\t<div class=\"col-12 col-lg-6 order-lg-2 right\">\n\t\t\t\t<picture class=\"side-image right overlay\">\n\t\t\t\t\t<h2>Tous les ingr\u00e9dients pour votre r\u00e9ussite.<\/h2>\t\t\t\t\t\t\t\t\t\t<div class=\"featured\">\n\t\t\t\t\t\t<p>Double<br>ventilation<\/p>\n\t\t\t\t\t\t<img src=\"https:\/\/www.geminiforni.com\/wp-content\/uploads\/2021\/07\/feature-doppia-ventilazione.png\" alt=\"Doppia ventilazione\">\n\t\t\t\t\t<\/div>\n\t\t\t\t\t\t\t\t\t\t<img src=\"https:\/\/www.geminiforni.com\/wp-content\/uploads\/2021\/09\/gemini-forni-panettiere.jpg\" alt=\"Pane e panettiere, Gemini Forni\">\n\t\t\t\t<\/picture>\n\t\t\t<\/div>\n\t\t\t<div class=\"col-12 col-lg-6 order-lg-1 right\">\n\t\t\t\t<article class=\"side-article\">\n\t\t\t\t<h5>Professionnels, efficaces, pratiques et essentiels<\/h5><hr>\t\t\t\t<p><em>Des fours compacts et performants, pratiques et sans rien de superflu. Construits avec des mat\u00e9riaux de qualit\u00e9 sup\u00e9rieure afin de durer et con\u00e7us pour assurer une cuisson optimale et uniforme, \u00e0 chaque fois.<\/em><\/p>\n\t\t\t\t\t\t\t\t<ul class=\"features animate-scroll\" data-animations=\"animated fadeInLeft delay10\">\n\t\t\t\t\t\t\t\t\t\t<li>\n\t\t\t\t\t\t\t\t\t\t\t\t<span class=\"icon\"><img src=\"https:\/\/www.geminiforni.com\/wp-content\/uploads\/2021\/07\/feature-cottura.svg\" alt=\"Uniformit\u00e0 di cottura\" width=\"70\" height=\"70\"><\/span>\t\t\t\t\t\t<h6>Uniformit\u00e9 de la cuisson<\/h6>\t\t\t\t\t\t<p>Une qualit\u00e9 de cuisson \u00e9lev\u00e9e dans toutes les conditions de charge gr\u00e2ce \u00e0 la double ventilation, aux d\u00e9flecteurs profil\u00e9s et \u00e0 la distance accrue entre les plaques.<\/p>\n\t\t\t\t\t<\/li>\n\t\t\t\t\t\t\t\t\t\t<li>\n\t\t\t\t\t\t\t\t\t\t\t\t<span class=\"icon\"><img src=\"https:\/\/www.geminiforni.com\/wp-content\/uploads\/2021\/07\/feature-affidabilita.svg\" alt=\"Affidabilit\u00e0 massima\" width=\"70\" height=\"70\"><\/span>\t\t\t\t\t\t<h6>Une fiabilit\u00e9 maximale<\/h6>\t\t\t\t\t\t<p>Construits avec des mat\u00e9riaux de qualit\u00e9, pour durer dans le temps.<\/p>\n\t\t\t\t\t<\/li>\n\t\t\t\t\t\t\t\t\t\t<li>\n\t\t\t\t\t\t\t\t\t\t\t\t<span class=\"icon\"><img src=\"https:\/\/www.geminiforni.com\/wp-content\/uploads\/2021\/07\/feature-dimensione.svg\" alt=\"Dimensione ottimizzata\" width=\"70\" height=\"70\"><\/span>\t\t\t\t\t\t<h6>Taille optimis\u00e9e<\/h6>\t\t\t\t\t\t<p>Tout ce dont vous avez besoin dans moins de 60 cm d&rsquo;espace.<\/p>\n\t\t\t\t\t<\/li>\n\t\t\t\t\t\t\t\t\t\t<li>\n\t\t\t\t\t\t\t\t\t\t\t\t<span class=\"icon\"><img src=\"https:\/\/www.geminiforni.com\/wp-content\/uploads\/2021\/07\/feature-rcprodotto.svg\" alt=\"RC Prodotto\" width=\"70\" height=\"70\"><\/span>\t\t\t\t\t\t<h6>RC Produit<\/h6>\t\t\t\t\t\t<p>Tous les fours Gemini sont couverts par une politique de responsabilit\u00e9 civile du fait des produits.<\/p>\n\t\t\t\t\t<\/li>\n\t\t\t\t\t\t\t\t\t\t<li>\n\t\t\t\t\t\t\t\t\t\t\t\t<span class=\"icon\"><img src=\"https:\/\/www.geminiforni.com\/wp-content\/uploads\/2021\/07\/feature-canna-fumaria.svg\" alt=\"Non necessita di canna fumaria\" width=\"70\" height=\"70\"><\/span>\t\t\t\t\t\t<h6>Ne n\u00e9cessite pas de conduit de fum\u00e9e<\/h6>\t\t\t\t\t\t\t\t\t\t\t<\/li>\n\t\t\t\t\t\t\t\t\t\t<li>\n\t\t\t\t\t\t\t\t\t\t\t\t<span class=\"icon\"><img src=\"https:\/\/www.geminiforni.com\/wp-content\/uploads\/2021\/07\/feature-semplicita.svg\" alt=\"Pratica semplicit\u00e0\" width=\"70\" height=\"70\"><\/span>\t\t\t\t\t\t<h6>Simplicit\u00e9 et praticit\u00e9<\/h6>\t\t\t\t\t\t<p>Des commandes simples et intuitives pour r\u00e9gler rapidement les param\u00e8tres de cuisson corrects entre les plaques surdimensionn\u00e9es.<\/p>\n\t\t\t\t\t<\/li>\n\t\t\t\t\t\t\t\t\t\t<li>\n\t\t\t\t\t\t\t\t\t\t\t\t<span class=\"icon\"><img src=\"https:\/\/www.geminiforni.com\/wp-content\/uploads\/2021\/07\/feature-manutenzione.svg\" alt=\"Manutenzione facilitata\" width=\"70\" height=\"70\"><\/span>\t\t\t\t\t\t<h6>Entretien facile<\/h6>\t\t\t\t\t\t<p>Con\u00e7us avec un panneau de <strong>commande lat\u00e9ral<\/strong> pour faciliter et acc\u00e9l\u00e9rer toute intervention de maintenance<\/p>\n\t\t\t\t\t<\/li>\n\t\t\t\t\t\t\t\t\t\t<li>\n\t\t\t\t\t\t\t\t\t\t\t\t<span class=\"icon\"><img src=\"https:\/\/www.geminiforni.com\/wp-content\/uploads\/2021\/07\/feature-sicurezza.svg\" alt=\"Sicurezza dei materiali\" width=\"70\" height=\"70\"><\/span>\t\t\t\t\t\t<h6>S\u00e9curit\u00e9 des mat\u00e9riaux<\/h6>\t\t\t\t\t\t<p>Plaques en aluminium et t\u00e9flon avec certification MOCA pour les aliments.<\/p>\n\t\t\t\t\t<\/li>\n\t\t\t\t\t\t\t\t\t\t<li>\n\t\t\t\t\t\t\t\t\t\t\t\t<span class=\"icon\"><img src=\"https:\/\/www.geminiforni.com\/wp-content\/uploads\/2021\/07\/feature-personalizzazioni.svg\" alt=\"Personalizzazione\" width=\"70\" height=\"70\"><\/span>\t\t\t\t\t\t<h6>Personnalisations<\/h6>\t\t\t\t\t\t<p>Possibilit\u00e9 de personnalisation pour les gros clients.<\/p>\n\t\t\t\t\t<\/li>\n\t\t\t\t\t\t\t\t\t\t<li>\n\t\t\t\t\t\t\t\t\t\t\t\t<span class=\"icon\"><img src=\"https:\/\/www.geminiforni.com\/wp-content\/uploads\/2021\/07\/feature-pulizia.svg\" alt=\"\" width=\"70\" height=\"70\"><\/span>\t\t\t\t\t\t<h6>Nettoyage facile<\/h6>\t\t\t\t\t\t<p>La chambre de cuisson en acier \u00e9maill\u00e9 rend le nettoyage beaucoup plus facile et plus rapide.<\/p>\n\t\t\t\t\t<\/li>\n\t\t\t\t\t\t\t\t\t<\/article>\n\t\t\t\t\t\t\t<\/div>\n\t\t<\/div>\n\t<\/div>\n<\/section>\n","protected":false},"excerpt":{"rendered":"","protected":false},"author":4,"featured_media":513,"parent":0,"menu_order":0,"comment_status":"closed","ping_status":"closed","template":"","meta":[],"yoast_head":"<!-- This site is optimized with the Yoast SEO plugin v17.1 - https:\/\/yoast.com\/wordpress\/plugins\/seo\/ -->\n<title>Gemini Forni - Une qualit\u00e9 \u00e0 360 degr\u00e9s pour la cuisson professionnelle.<\/title>\n<meta name=\"description\" content=\"Le summum de la perfection et de la simplicit\u00e9. Un seul four pour les secteurs de la gastronomie, p\u00e2tisserie et la boulangerie. Made in Italy.\" \/>\n<meta name=\"robots\" content=\"index, follow, max-snippet:-1, max-image-preview:large, max-video-preview:-1\" \/>\n<link rel=\"canonical\" href=\"https:\/\/www.geminiforni.com\/fr\/\" \/>\n<meta property=\"og:locale\" content=\"fr_FR\" \/>\n<meta property=\"og:type\" content=\"article\" \/>\n<meta property=\"og:title\" content=\"Gemini Forni - Une qualit\u00e9 \u00e0 360 degr\u00e9s pour la cuisson professionnelle.\" \/>\n<meta property=\"og:description\" content=\"Le summum de la perfection et de la simplicit\u00e9. Un seul four pour les secteurs de la gastronomie, p\u00e2tisserie et la boulangerie. Made in Italy.\" \/>\n<meta property=\"og:url\" content=\"https:\/\/www.geminiforni.com\/fr\/\" \/>\n<meta property=\"og:site_name\" content=\"Gemini Forni\" \/>\n<meta property=\"article:modified_time\" content=\"2021-09-20T07:22:59+00:00\" \/>\n<meta property=\"og:image\" content=\"https:\/\/www.geminiforni.it\/wp-content\/uploads\/2021\/07\/product-gemini-4n.png\" \/>\n\t<meta property=\"og:image:width\" content=\"1000\" \/>\n\t<meta property=\"og:image:height\" content=\"748\" \/>\n<meta name=\"twitter:card\" content=\"summary_large_image\" \/>\n<meta name=\"twitter:title\" content=\"Gemini Forni - Une qualit\u00e9 \u00e0 360 degr\u00e9s pour la cuisson professionnelle.\" \/>\n<meta name=\"twitter:description\" content=\"Le summum de la perfection et de la simplicit\u00e9. Un seul four pour les secteurs de la gastronomie, p\u00e2tisserie et la boulangerie. Made in Italy.\" \/>\n<meta name=\"twitter:image\" content=\"https:\/\/www.geminiforni.com\/wp-content\/uploads\/2021\/07\/product-gemini-4n.png\" \/>\n<script type=\"application\/ld+json\" class=\"yoast-schema-graph\">{\"@context\":\"https:\/\/schema.org\",\"@graph\":[{\"@type\":\"Organization\",\"@id\":\"https:\/\/www.geminiforni.com\/#organization\",\"name\":\"Gemini Forni\",\"url\":\"https:\/\/www.geminiforni.com\/\",\"sameAs\":[],\"logo\":{\"@type\":\"ImageObject\",\"@id\":\"https:\/\/www.geminiforni.com\/#logo\",\"inLanguage\":\"fr-FR\",\"url\":\"https:\/\/www.geminiforni.com\/wp-content\/uploads\/2021\/07\/gemini-logo-mail.png\",\"contentUrl\":\"https:\/\/www.geminiforni.com\/wp-content\/uploads\/2021\/07\/gemini-logo-mail.png\",\"width\":407,\"height\":119,\"caption\":\"Gemini Forni\"},\"image\":{\"@id\":\"https:\/\/www.geminiforni.com\/#logo\"}},{\"@type\":\"WebSite\",\"@id\":\"https:\/\/www.geminiforni.com\/#website\",\"url\":\"https:\/\/www.geminiforni.com\/\",\"name\":\"Gemini Forni\",\"description\":\"Qualit\\u00e0 a 360 gradi nella cottura professionale.\",\"publisher\":{\"@id\":\"https:\/\/www.geminiforni.com\/#organization\"},\"potentialAction\":[{\"@type\":\"SearchAction\",\"target\":{\"@type\":\"EntryPoint\",\"urlTemplate\":\"https:\/\/www.geminiforni.com\/?s={search_term_string}\"},\"query-input\":\"required name=search_term_string\"}],\"inLanguage\":\"fr-FR\"},{\"@type\":\"ImageObject\",\"@id\":\"https:\/\/www.geminiforni.com\/fr\/#primaryimage\",\"inLanguage\":\"fr-FR\",\"url\":\"https:\/\/www.geminiforni.com\/wp-content\/uploads\/2021\/07\/product-gemini-4n.png\",\"contentUrl\":\"https:\/\/www.geminiforni.com\/wp-content\/uploads\/2021\/07\/product-gemini-4n.png\",\"width\":1000,\"height\":748,\"caption\":\"Gemini 4N\"},{\"@type\":\"WebPage\",\"@id\":\"https:\/\/www.geminiforni.com\/fr\/#webpage\",\"url\":\"https:\/\/www.geminiforni.com\/fr\/\",\"name\":\"Gemini Forni - Une qualit\\u00e9 \\u00e0 360 degr\\u00e9s pour la cuisson professionnelle.\",\"isPartOf\":{\"@id\":\"https:\/\/www.geminiforni.com\/#website\"},\"primaryImageOfPage\":{\"@id\":\"https:\/\/www.geminiforni.com\/fr\/#primaryimage\"},\"datePublished\":\"2021-07-01T12:16:09+00:00\",\"dateModified\":\"2021-09-20T07:22:59+00:00\",\"description\":\"Le summum de la perfection et de la simplicit\\u00e9. Un seul four pour les secteurs de la gastronomie, p\\u00e2tisserie et la boulangerie. Made in Italy.\",\"breadcrumb\":{\"@id\":\"https:\/\/www.geminiforni.com\/fr\/#breadcrumb\"},\"inLanguage\":\"fr-FR\",\"potentialAction\":[{\"@type\":\"ReadAction\",\"target\":[\"https:\/\/www.geminiforni.com\/fr\/\"]}]},{\"@type\":\"BreadcrumbList\",\"@id\":\"https:\/\/www.geminiforni.com\/fr\/#breadcrumb\",\"itemListElement\":[{\"@type\":\"ListItem\",\"position\":1,\"name\":\"Home\",\"item\":\"https:\/\/www.geminiforni.com\/fr\/\"},{\"@type\":\"ListItem\",\"position\":2,\"name\":\"Home\"}]}]}<\/script>\n<!-- \/ Yoast SEO plugin. -->","yoast_head_json":{"title":"Gemini Forni - Une qualit\u00e9 \u00e0 360 degr\u00e9s pour la cuisson professionnelle.","description":"Le summum de la perfection et de la simplicit\u00e9. Un seul four pour les secteurs de la gastronomie, p\u00e2tisserie et la boulangerie. Made in Italy.","robots":{"index":"index","follow":"follow","max-snippet":"max-snippet:-1","max-image-preview":"max-image-preview:large","max-video-preview":"max-video-preview:-1"},"canonical":"https:\/\/www.geminiforni.com\/fr\/","og_locale":"fr_FR","og_type":"article","og_title":"Gemini Forni - Une qualit\u00e9 \u00e0 360 degr\u00e9s pour la cuisson professionnelle.","og_description":"Le summum de la perfection et de la simplicit\u00e9. Un seul four pour les secteurs de la gastronomie, p\u00e2tisserie et la boulangerie. Made in Italy.","og_url":"https:\/\/www.geminiforni.com\/fr\/","og_site_name":"Gemini Forni","article_modified_time":"2021-09-20T07:22:59+00:00","og_image":[{"width":1000,"height":748,"url":"https:\/\/www.geminiforni.it\/wp-content\/uploads\/2021\/07\/product-gemini-4n.png","path":"\/var\/www\/vhosts\/geminiforni.it\/httpdocs\/wp-content\/uploads\/2021\/07\/product-gemini-4n.png","size":"full","id":"513","alt":"Gemini 4N","pixels":748000,"type":"image\/png"}],"twitter_card":"summary_large_image","twitter_title":"Gemini Forni - Une qualit\u00e9 \u00e0 360 degr\u00e9s pour la cuisson professionnelle.","twitter_description":"Le summum de la perfection et de la simplicit\u00e9. Un seul four pour les secteurs de la gastronomie, p\u00e2tisserie et la boulangerie. Made in Italy.","twitter_image":"https:\/\/www.geminiforni.com\/wp-content\/uploads\/2021\/07\/product-gemini-4n.png","schema":{"@context":"https:\/\/schema.org","@graph":[{"@type":"Organization","@id":"https:\/\/www.geminiforni.com\/#organization","name":"Gemini Forni","url":"https:\/\/www.geminiforni.com\/","sameAs":[],"logo":{"@type":"ImageObject","@id":"https:\/\/www.geminiforni.com\/#logo","inLanguage":"fr-FR","url":"https:\/\/www.geminiforni.com\/wp-content\/uploads\/2021\/07\/gemini-logo-mail.png","contentUrl":"https:\/\/www.geminiforni.com\/wp-content\/uploads\/2021\/07\/gemini-logo-mail.png","width":407,"height":119,"caption":"Gemini Forni"},"image":{"@id":"https:\/\/www.geminiforni.com\/#logo"}},{"@type":"WebSite","@id":"https:\/\/www.geminiforni.com\/#website","url":"https:\/\/www.geminiforni.com\/","name":"Gemini Forni","description":"Qualit\u00e0 a 360 gradi nella cottura professionale.","publisher":{"@id":"https:\/\/www.geminiforni.com\/#organization"},"potentialAction":[{"@type":"SearchAction","target":{"@type":"EntryPoint","urlTemplate":"https:\/\/www.geminiforni.com\/?s={search_term_string}"},"query-input":"required name=search_term_string"}],"inLanguage":"fr-FR"},{"@type":"ImageObject","@id":"https:\/\/www.geminiforni.com\/fr\/#primaryimage","inLanguage":"fr-FR","url":"https:\/\/www.geminiforni.com\/wp-content\/uploads\/2021\/07\/product-gemini-4n.png","contentUrl":"https:\/\/www.geminiforni.com\/wp-content\/uploads\/2021\/07\/product-gemini-4n.png","width":1000,"height":748,"caption":"Gemini 4N"},{"@type":"WebPage","@id":"https:\/\/www.geminiforni.com\/fr\/#webpage","url":"https:\/\/www.geminiforni.com\/fr\/","name":"Gemini Forni - Une qualit\u00e9 \u00e0 360 degr\u00e9s pour la cuisson professionnelle.","isPartOf":{"@id":"https:\/\/www.geminiforni.com\/#website"},"primaryImageOfPage":{"@id":"https:\/\/www.geminiforni.com\/fr\/#primaryimage"},"datePublished":"2021-07-01T12:16:09+00:00","dateModified":"2021-09-20T07:22:59+00:00","description":"Le summum de la perfection et de la simplicit\u00e9. Un seul four pour les secteurs de la gastronomie, p\u00e2tisserie et la boulangerie. Made in Italy.","breadcrumb":{"@id":"https:\/\/www.geminiforni.com\/fr\/#breadcrumb"},"inLanguage":"fr-FR","potentialAction":[{"@type":"ReadAction","target":["https:\/\/www.geminiforni.com\/fr\/"]}]},{"@type":"BreadcrumbList","@id":"https:\/\/www.geminiforni.com\/fr\/#breadcrumb","itemListElement":[{"@type":"ListItem","position":1,"name":"Home","item":"https:\/\/www.geminiforni.com\/fr\/"},{"@type":"ListItem","position":2,"name":"Home"}]}]}},"_links":{"self":[{"href":"https:\/\/www.geminiforni.com\/fr\/wp-json\/wp\/v2\/pages\/1207"}],"collection":[{"href":"https:\/\/www.geminiforni.com\/fr\/wp-json\/wp\/v2\/pages"}],"about":[{"href":"https:\/\/www.geminiforni.com\/fr\/wp-json\/wp\/v2\/types\/page"}],"author":[{"embeddable":true,"href":"https:\/\/www.geminiforni.com\/fr\/wp-json\/wp\/v2\/users\/4"}],"replies":[{"embeddable":true,"href":"https:\/\/www.geminiforni.com\/fr\/wp-json\/wp\/v2\/comments?post=1207"}],"version-history":[{"count":2,"href":"https:\/\/www.geminiforni.com\/fr\/wp-json\/wp\/v2\/pages\/1207\/revisions"}],"predecessor-version":[{"id":1217,"href":"https:\/\/www.geminiforni.com\/fr\/wp-json\/wp\/v2\/pages\/1207\/revisions\/1217"}],"wp:featuredmedia":[{"embeddable":true,"href":"https:\/\/www.geminiforni.com\/fr\/wp-json\/wp\/v2\/media\/513"}],"wp:attachment":[{"href":"https:\/\/www.geminiforni.com\/fr\/wp-json\/wp\/v2\/media?parent=1207"}],"curies":[{"name":"wp","href":"https:\/\/api.w.org\/{rel}","templated":true}]}}